
{"id":2617,"date":"2022-05-30T10:12:17","date_gmt":"2022-05-30T09:12:17","guid":{"rendered":"https:\/\/denako.sk\/ekatalog\/?post_type=product&#038;p=2617"},"modified":"2026-01-28T08:35:51","modified_gmt":"2026-01-28T08:35:51","slug":"dielensky-pracovny-stol-so-zasuvkami-a-skrinkou-2x-zasuvka-1x-dvierka-sxhxv-1500x600x930-mm","status":"publish","type":"product","link":"https:\/\/denako.sk\/ekatalog\/produkt\/dielensky-pracovny-stol-so-zasuvkami-a-skrinkou-2x-zasuvka-1x-dvierka-sxhxv-1500x600x930-mm\/","title":{"rendered":"Dielensk\u00fd pracovn\u00fd st\u00f4l so z\u00e1suvkami a skrinkou, 2x z\u00e1suvka, 1x dvierka, \u0160xHxV 1500x600x930 mm"},"content":{"rendered":"<ul>\n<li>Celkov\u00e9 rozmery \u0161\u00edrka x h\u013abka x v\u00fd\u0161ka: 1500x600x930 mm,<\/li>\n<li>2x z\u00e1suvka, v\u00fd\u0161ka \u010dela z\u00e1suvky: 125,175 mm,<\/li>\n<li>1x dvierka,<\/li>\n<li>1x pracovn\u00e1 doska multiplex, hr\u00fabka 30 mm.<\/li>\n<\/ul>\n<p>Nohy pracovn\u00e9ho stola a pracovn\u00e1 doska:<\/p>\n<ul>\n<li>Robustn\u00e1 pracovn\u00e1 doska hr\u00fabky 30 mm,<\/li>\n<li>Povrchov\u00e1 \u00faprava pr\u00e1\u0161kov\u00fdm lakovan\u00edm \u2013 svetlosiv\u00e1 (RAL 7035),<\/li>\n<li>Celkov\u00e1 nosnos\u0165 600 kg.<\/li>\n<\/ul>\n<p>Z\u00e1suvkov\u00e1 skrinka:<\/p>\n<ul>\n<li>Zosilnen\u00fd a zv\u00e1ran\u00fd pre n\u00e1ro\u010dn\u00e9 prostredie a dlh\u00fa \u017eivotnos\u0165,<\/li>\n<li>S centr\u00e1lnym zamykan\u00edm,<\/li>\n<li>Gu\u013e\u00f4\u010dkov\u00e9 vedenie s pln\u00fdm v\u00fdsuvom,<\/li>\n<li>Nosnos\u0165 do 75 kg,<\/li>\n<li>Dostupn\u00fd sortiment \u010dlenenia.<\/li>\n<\/ul>\n<p><iframe loading=\"lazy\" title=\"YouTube video player\" src=\"https:\/\/www.youtube.com\/embed\/fI0R8g2XSh0\" width=\"560\" height=\"315\" frameborder=\"0\" allowfullscreen=\"allowfullscreen\"><\/iframe><br \/>\n<em>Doba dodania 3 &#8211; 4 t\u00fd\u017edne.<\/em><\/p>\n","protected":false},"excerpt":{"rendered":"<p>Celkov\u00e9 rozmery \u0161\u00edrka x h\u013abka x v\u00fd\u0161ka: 1500x600x930 mm, 2x z\u00e1suvka, v\u00fd\u0161ka \u010dela z\u00e1suvky: 125,175 mm, 1x dvierka, 1x pracovn\u00e1 doska multiplex, hr\u00fabka 30 mm. Nohy pracovn\u00e9ho stola a pracovn\u00e1 doska: Robustn\u00e1 pracovn\u00e1 doska hr\u00fabky 30 mm, Povrchov\u00e1 \u00faprava pr\u00e1\u0161kov\u00fdm lakovan\u00edm \u2013 svetlosiv\u00e1 (RAL 7035), Celkov\u00e1 nosnos\u0165 600 kg. Z\u00e1suvkov\u00e1 skrinka: Zosilnen\u00fd a zv\u00e1ran\u00fd pre [&hellip;]<\/p>\n","protected":false},"featured_media":2626,"template":"","meta":[],"product_cat":[237],"product_tag":[],"class_list":{"0":"post-2617","1":"product","2":"type-product","3":"status-publish","4":"has-post-thumbnail","6":"product_cat-dielenske-stoly","8":"first","9":"instock","10":"taxable","11":"shipping-taxable","12":"product-type-variable","13":"has-default-attributes"},"yoast_head":"<!-- This site is optimized with the Yoast SEO plugin v23.1 - https:\/\/yoast.com\/wordpress\/plugins\/seo\/ -->\n<title>Dielensk\u00fd pracovn\u00fd st\u00f4l so z\u00e1suvkami a skrinkou, 2x z\u00e1suvka, 1x dvierka, \u0160xHxV 1500x600x930 mm<\/title>\n<meta name=\"robots\" content=\"index, follow, max-snippet:-1, max-image-preview:large, max-video-preview:-1\" \/>\n<link rel=\"canonical\" href=\"http:\/\/denako.sk\/ekatalog\/produkt\/dielensky-pracovny-stol-so-zasuvkami-a-skrinkou-2x-zasuvka-1x-dvierka-sxhxv-1500x600x930-mm\/\" \/>\n<meta property=\"og:locale\" content=\"sk_SK\" \/>\n<meta property=\"og:type\" content=\"article\" \/>\n<meta property=\"og:title\" content=\"Dielensk\u00fd pracovn\u00fd st\u00f4l so z\u00e1suvkami a skrinkou, 2x z\u00e1suvka, 1x dvierka, \u0160xHxV 1500x600x930 mm\" \/>\n<meta property=\"og:description\" content=\"Celkov\u00e9 rozmery \u0161\u00edrka x h\u013abka x v\u00fd\u0161ka: 1500x600x930 mm, 2x z\u00e1suvka, v\u00fd\u0161ka \u010dela z\u00e1suvky: 125,175 mm, 1x dvierka, 1x pracovn\u00e1 doska multiplex, hr\u00fabka 30 mm. Nohy pracovn\u00e9ho stola a pracovn\u00e1 doska: Robustn\u00e1 pracovn\u00e1 doska hr\u00fabky 30 mm, Povrchov\u00e1 \u00faprava pr\u00e1\u0161kov\u00fdm lakovan\u00edm \u2013 svetlosiv\u00e1 (RAL 7035), Celkov\u00e1 nosnos\u0165 600 kg. Z\u00e1suvkov\u00e1 skrinka: Zosilnen\u00fd a zv\u00e1ran\u00fd pre [&hellip;]\" \/>\n<meta property=\"og:url\" content=\"http:\/\/denako.sk\/ekatalog\/produkt\/dielensky-pracovny-stol-so-zasuvkami-a-skrinkou-2x-zasuvka-1x-dvierka-sxhxv-1500x600x930-mm\/\" \/>\n<meta property=\"article:modified_time\" content=\"2026-01-28T08:35:51+00:00\" \/>\n<meta property=\"og:image\" content=\"http:\/\/denako.sk\/ekatalog\/wp-content\/uploads\/2022\/05\/dielensky-pracovny-stol-so-zasuvkami-a-skrinkou-2x-zasuvka-1x-dvierka-sxhxv-1500x600x930-mm-ral-5010.jpg\" \/>\n\t<meta property=\"og:image:width\" content=\"1400\" \/>\n\t<meta property=\"og:image:height\" content=\"1400\" \/>\n\t<meta property=\"og:image:type\" content=\"image\/jpeg\" \/>\n<meta name=\"twitter:card\" content=\"summary_large_image\" \/>\n<meta name=\"twitter:label1\" content=\"Predpokladan\u00fd \u010das \u010d\u00edtania\" \/>\n\t<meta name=\"twitter:data1\" content=\"1 min\u00fata\" \/>\n<script type=\"application\/ld+json\" class=\"yoast-schema-graph\">{\"@context\":\"https:\/\/schema.org\",\"@graph\":[{\"@type\":\"WebPage\",\"@id\":\"http:\/\/denako.sk\/ekatalog\/produkt\/dielensky-pracovny-stol-so-zasuvkami-a-skrinkou-2x-zasuvka-1x-dvierka-sxhxv-1500x600x930-mm\/\",\"url\":\"http:\/\/denako.sk\/ekatalog\/produkt\/dielensky-pracovny-stol-so-zasuvkami-a-skrinkou-2x-zasuvka-1x-dvierka-sxhxv-1500x600x930-mm\/\",\"name\":\"Dielensk\u00fd pracovn\u00fd st\u00f4l so z\u00e1suvkami a skrinkou, 2x z\u00e1suvka, 1x dvierka, \u0160xHxV 1500x600x930 mm\",\"isPartOf\":{\"@id\":\"http:\/\/denako.sk\/ekatalog\/#website\"},\"primaryImageOfPage\":{\"@id\":\"http:\/\/denako.sk\/ekatalog\/produkt\/dielensky-pracovny-stol-so-zasuvkami-a-skrinkou-2x-zasuvka-1x-dvierka-sxhxv-1500x600x930-mm\/#primaryimage\"},\"image\":{\"@id\":\"http:\/\/denako.sk\/ekatalog\/produkt\/dielensky-pracovny-stol-so-zasuvkami-a-skrinkou-2x-zasuvka-1x-dvierka-sxhxv-1500x600x930-mm\/#primaryimage\"},\"thumbnailUrl\":\"https:\/\/denako.sk\/ekatalog\/wp-content\/uploads\/2022\/05\/dielensky-pracovny-stol-so-zasuvkami-a-skrinkou-2x-zasuvka-1x-dvierka-sxhxv-1500x600x930-mm-ral-5010.jpg\",\"datePublished\":\"2022-05-30T09:12:17+00:00\",\"dateModified\":\"2026-01-28T08:35:51+00:00\",\"breadcrumb\":{\"@id\":\"http:\/\/denako.sk\/ekatalog\/produkt\/dielensky-pracovny-stol-so-zasuvkami-a-skrinkou-2x-zasuvka-1x-dvierka-sxhxv-1500x600x930-mm\/#breadcrumb\"},\"inLanguage\":\"sk-SK\",\"potentialAction\":[{\"@type\":\"ReadAction\",\"target\":[\"http:\/\/denako.sk\/ekatalog\/produkt\/dielensky-pracovny-stol-so-zasuvkami-a-skrinkou-2x-zasuvka-1x-dvierka-sxhxv-1500x600x930-mm\/\"]}]},{\"@type\":\"ImageObject\",\"inLanguage\":\"sk-SK\",\"@id\":\"http:\/\/denako.sk\/ekatalog\/produkt\/dielensky-pracovny-stol-so-zasuvkami-a-skrinkou-2x-zasuvka-1x-dvierka-sxhxv-1500x600x930-mm\/#primaryimage\",\"url\":\"https:\/\/denako.sk\/ekatalog\/wp-content\/uploads\/2022\/05\/dielensky-pracovny-stol-so-zasuvkami-a-skrinkou-2x-zasuvka-1x-dvierka-sxhxv-1500x600x930-mm-ral-5010.jpg\",\"contentUrl\":\"https:\/\/denako.sk\/ekatalog\/wp-content\/uploads\/2022\/05\/dielensky-pracovny-stol-so-zasuvkami-a-skrinkou-2x-zasuvka-1x-dvierka-sxhxv-1500x600x930-mm-ral-5010.jpg\",\"width\":1400,\"height\":1400,\"caption\":\"Dielensk\u00fd pracovn\u00fd st\u00f4l so z\u00e1suvkami a skrinkou, 2x z\u00e1suvka, 1x dvierka, \u0160xHxV 1500x600x930 mm\"},{\"@type\":\"BreadcrumbList\",\"@id\":\"http:\/\/denako.sk\/ekatalog\/produkt\/dielensky-pracovny-stol-so-zasuvkami-a-skrinkou-2x-zasuvka-1x-dvierka-sxhxv-1500x600x930-mm\/#breadcrumb\",\"itemListElement\":[{\"@type\":\"ListItem\",\"position\":1,\"name\":\"Hlavn\u00e1 str\u00e1nka\",\"item\":\"http:\/\/denako.sk\/ekatalog\/\"},{\"@type\":\"ListItem\",\"position\":2,\"name\":\"Produkty\",\"item\":\"http:\/\/denako.sk\/ekatalog\/shop\/\"},{\"@type\":\"ListItem\",\"position\":3,\"name\":\"Dielensk\u00fd n\u00e1bytok\",\"item\":\"https:\/\/denako.sk\/ekatalog\/kategoria\/dielensky-nabytok\/\"},{\"@type\":\"ListItem\",\"position\":4,\"name\":\"Dielensk\u00e9 stoly\",\"item\":\"http:\/\/denako.sk\/ekatalog\/kategoria\/dielensky-nabytok\/dielenske-stoly\/\"},{\"@type\":\"ListItem\",\"position\":5,\"name\":\"Dielensk\u00fd pracovn\u00fd st\u00f4l so z\u00e1suvkami a skrinkou, 2x z\u00e1suvka, 1x dvierka, \u0160xHxV 1500x600x930 mm\"}]},{\"@type\":\"WebSite\",\"@id\":\"http:\/\/denako.sk\/ekatalog\/#website\",\"url\":\"http:\/\/denako.sk\/ekatalog\/\",\"name\":\"\",\"description\":\"\",\"publisher\":{\"@id\":\"http:\/\/denako.sk\/ekatalog\/#organization\"},\"potentialAction\":[{\"@type\":\"SearchAction\",\"target\":{\"@type\":\"EntryPoint\",\"urlTemplate\":\"http:\/\/denako.sk\/ekatalog\/?s={search_term_string}\"},\"query-input\":\"required name=search_term_string\"}],\"inLanguage\":\"sk-SK\"},{\"@type\":\"Organization\",\"@id\":\"http:\/\/denako.sk\/ekatalog\/#organization\",\"name\":\"Denako, s.r.o.\",\"url\":\"http:\/\/denako.sk\/ekatalog\/\",\"logo\":{\"@type\":\"ImageObject\",\"inLanguage\":\"sk-SK\",\"@id\":\"http:\/\/denako.sk\/ekatalog\/#\/schema\/logo\/image\/\",\"url\":\"http:\/\/localhost\/ekatalog\/wp-content\/uploads\/2017\/06\/logo.png\",\"contentUrl\":\"http:\/\/localhost\/ekatalog\/wp-content\/uploads\/2017\/06\/logo.png\",\"width\":231,\"height\":41,\"caption\":\"Denako, s.r.o.\"},\"image\":{\"@id\":\"http:\/\/denako.sk\/ekatalog\/#\/schema\/logo\/image\/\"},\"sameAs\":[\"https:\/\/www.youtube.com\/channel\/UCTJjjLI7vFxEVKX9tkRSZhw\"]}]}<\/script>\n<!-- \/ Yoast SEO plugin. -->","yoast_head_json":{"title":"Dielensk\u00fd pracovn\u00fd st\u00f4l so z\u00e1suvkami a skrinkou, 2x z\u00e1suvka, 1x dvierka, \u0160xHxV 1500x600x930 mm","robots":{"index":"index","follow":"follow","max-snippet":"max-snippet:-1","max-image-preview":"max-image-preview:large","max-video-preview":"max-video-preview:-1"},"canonical":"http:\/\/denako.sk\/ekatalog\/produkt\/dielensky-pracovny-stol-so-zasuvkami-a-skrinkou-2x-zasuvka-1x-dvierka-sxhxv-1500x600x930-mm\/","og_locale":"sk_SK","og_type":"article","og_title":"Dielensk\u00fd pracovn\u00fd st\u00f4l so z\u00e1suvkami a skrinkou, 2x z\u00e1suvka, 1x dvierka, \u0160xHxV 1500x600x930 mm","og_description":"Celkov\u00e9 rozmery \u0161\u00edrka x h\u013abka x v\u00fd\u0161ka: 1500x600x930 mm, 2x z\u00e1suvka, v\u00fd\u0161ka \u010dela z\u00e1suvky: 125,175 mm, 1x dvierka, 1x pracovn\u00e1 doska multiplex, hr\u00fabka 30 mm. Nohy pracovn\u00e9ho stola a pracovn\u00e1 doska: Robustn\u00e1 pracovn\u00e1 doska hr\u00fabky 30 mm, Povrchov\u00e1 \u00faprava pr\u00e1\u0161kov\u00fdm lakovan\u00edm \u2013 svetlosiv\u00e1 (RAL 7035), Celkov\u00e1 nosnos\u0165 600 kg. Z\u00e1suvkov\u00e1 skrinka: Zosilnen\u00fd a zv\u00e1ran\u00fd pre [&hellip;]","og_url":"http:\/\/denako.sk\/ekatalog\/produkt\/dielensky-pracovny-stol-so-zasuvkami-a-skrinkou-2x-zasuvka-1x-dvierka-sxhxv-1500x600x930-mm\/","article_modified_time":"2026-01-28T08:35:51+00:00","og_image":[{"width":1400,"height":1400,"url":"http:\/\/denako.sk\/ekatalog\/wp-content\/uploads\/2022\/05\/dielensky-pracovny-stol-so-zasuvkami-a-skrinkou-2x-zasuvka-1x-dvierka-sxhxv-1500x600x930-mm-ral-5010.jpg","type":"image\/jpeg"}],"twitter_card":"summary_large_image","twitter_misc":{"Predpokladan\u00fd \u010das \u010d\u00edtania":"1 min\u00fata"},"schema":{"@context":"https:\/\/schema.org","@graph":[{"@type":"WebPage","@id":"http:\/\/denako.sk\/ekatalog\/produkt\/dielensky-pracovny-stol-so-zasuvkami-a-skrinkou-2x-zasuvka-1x-dvierka-sxhxv-1500x600x930-mm\/","url":"http:\/\/denako.sk\/ekatalog\/produkt\/dielensky-pracovny-stol-so-zasuvkami-a-skrinkou-2x-zasuvka-1x-dvierka-sxhxv-1500x600x930-mm\/","name":"Dielensk\u00fd pracovn\u00fd st\u00f4l so z\u00e1suvkami a skrinkou, 2x z\u00e1suvka, 1x dvierka, \u0160xHxV 1500x600x930 mm","isPartOf":{"@id":"http:\/\/denako.sk\/ekatalog\/#website"},"primaryImageOfPage":{"@id":"http:\/\/denako.sk\/ekatalog\/produkt\/dielensky-pracovny-stol-so-zasuvkami-a-skrinkou-2x-zasuvka-1x-dvierka-sxhxv-1500x600x930-mm\/#primaryimage"},"image":{"@id":"http:\/\/denako.sk\/ekatalog\/produkt\/dielensky-pracovny-stol-so-zasuvkami-a-skrinkou-2x-zasuvka-1x-dvierka-sxhxv-1500x600x930-mm\/#primaryimage"},"thumbnailUrl":"https:\/\/denako.sk\/ekatalog\/wp-content\/uploads\/2022\/05\/dielensky-pracovny-stol-so-zasuvkami-a-skrinkou-2x-zasuvka-1x-dvierka-sxhxv-1500x600x930-mm-ral-5010.jpg","datePublished":"2022-05-30T09:12:17+00:00","dateModified":"2026-01-28T08:35:51+00:00","breadcrumb":{"@id":"http:\/\/denako.sk\/ekatalog\/produkt\/dielensky-pracovny-stol-so-zasuvkami-a-skrinkou-2x-zasuvka-1x-dvierka-sxhxv-1500x600x930-mm\/#breadcrumb"},"inLanguage":"sk-SK","potentialAction":[{"@type":"ReadAction","target":["http:\/\/denako.sk\/ekatalog\/produkt\/dielensky-pracovny-stol-so-zasuvkami-a-skrinkou-2x-zasuvka-1x-dvierka-sxhxv-1500x600x930-mm\/"]}]},{"@type":"ImageObject","inLanguage":"sk-SK","@id":"http:\/\/denako.sk\/ekatalog\/produkt\/dielensky-pracovny-stol-so-zasuvkami-a-skrinkou-2x-zasuvka-1x-dvierka-sxhxv-1500x600x930-mm\/#primaryimage","url":"https:\/\/denako.sk\/ekatalog\/wp-content\/uploads\/2022\/05\/dielensky-pracovny-stol-so-zasuvkami-a-skrinkou-2x-zasuvka-1x-dvierka-sxhxv-1500x600x930-mm-ral-5010.jpg","contentUrl":"https:\/\/denako.sk\/ekatalog\/wp-content\/uploads\/2022\/05\/dielensky-pracovny-stol-so-zasuvkami-a-skrinkou-2x-zasuvka-1x-dvierka-sxhxv-1500x600x930-mm-ral-5010.jpg","width":1400,"height":1400,"caption":"Dielensk\u00fd pracovn\u00fd st\u00f4l so z\u00e1suvkami a skrinkou, 2x z\u00e1suvka, 1x dvierka, \u0160xHxV 1500x600x930 mm"},{"@type":"BreadcrumbList","@id":"http:\/\/denako.sk\/ekatalog\/produkt\/dielensky-pracovny-stol-so-zasuvkami-a-skrinkou-2x-zasuvka-1x-dvierka-sxhxv-1500x600x930-mm\/#breadcrumb","itemListElement":[{"@type":"ListItem","position":1,"name":"Hlavn\u00e1 str\u00e1nka","item":"http:\/\/denako.sk\/ekatalog\/"},{"@type":"ListItem","position":2,"name":"Produkty","item":"http:\/\/denako.sk\/ekatalog\/shop\/"},{"@type":"ListItem","position":3,"name":"Dielensk\u00fd n\u00e1bytok","item":"https:\/\/denako.sk\/ekatalog\/kategoria\/dielensky-nabytok\/"},{"@type":"ListItem","position":4,"name":"Dielensk\u00e9 stoly","item":"http:\/\/denako.sk\/ekatalog\/kategoria\/dielensky-nabytok\/dielenske-stoly\/"},{"@type":"ListItem","position":5,"name":"Dielensk\u00fd pracovn\u00fd st\u00f4l so z\u00e1suvkami a skrinkou, 2x z\u00e1suvka, 1x dvierka, \u0160xHxV 1500x600x930 mm"}]},{"@type":"WebSite","@id":"http:\/\/denako.sk\/ekatalog\/#website","url":"http:\/\/denako.sk\/ekatalog\/","name":"","description":"","publisher":{"@id":"http:\/\/denako.sk\/ekatalog\/#organization"},"potentialAction":[{"@type":"SearchAction","target":{"@type":"EntryPoint","urlTemplate":"http:\/\/denako.sk\/ekatalog\/?s={search_term_string}"},"query-input":"required name=search_term_string"}],"inLanguage":"sk-SK"},{"@type":"Organization","@id":"http:\/\/denako.sk\/ekatalog\/#organization","name":"Denako, s.r.o.","url":"http:\/\/denako.sk\/ekatalog\/","logo":{"@type":"ImageObject","inLanguage":"sk-SK","@id":"http:\/\/denako.sk\/ekatalog\/#\/schema\/logo\/image\/","url":"http:\/\/localhost\/ekatalog\/wp-content\/uploads\/2017\/06\/logo.png","contentUrl":"http:\/\/localhost\/ekatalog\/wp-content\/uploads\/2017\/06\/logo.png","width":231,"height":41,"caption":"Denako, s.r.o."},"image":{"@id":"http:\/\/denako.sk\/ekatalog\/#\/schema\/logo\/image\/"},"sameAs":["https:\/\/www.youtube.com\/channel\/UCTJjjLI7vFxEVKX9tkRSZhw"]}]}},"_links":{"self":[{"href":"https:\/\/denako.sk\/ekatalog\/wp-json\/wp\/v2\/product\/2617"}],"collection":[{"href":"https:\/\/denako.sk\/ekatalog\/wp-json\/wp\/v2\/product"}],"about":[{"href":"https:\/\/denako.sk\/ekatalog\/wp-json\/wp\/v2\/types\/product"}],"wp:featuredmedia":[{"embeddable":true,"href":"https:\/\/denako.sk\/ekatalog\/wp-json\/wp\/v2\/media\/2626"}],"wp:attachment":[{"href":"https:\/\/denako.sk\/ekatalog\/wp-json\/wp\/v2\/media?parent=2617"}],"wp:term":[{"taxonomy":"product_cat","embeddable":true,"href":"https:\/\/denako.sk\/ekatalog\/wp-json\/wp\/v2\/product_cat?post=2617"},{"taxonomy":"product_tag","embeddable":true,"href":"https:\/\/denako.sk\/ekatalog\/wp-json\/wp\/v2\/product_tag?post=2617"}],"curies":[{"name":"wp","href":"https:\/\/api.w.org\/{rel}","templated":true}]}}