
{"id":2126,"date":"2022-01-27T12:24:53","date_gmt":"2022-01-27T12:24:53","guid":{"rendered":"https:\/\/denako.sk\/ekatalog\/?post_type=product&#038;p=2126"},"modified":"2026-01-28T09:07:22","modified_gmt":"2026-01-28T09:07:22","slug":"systemovy-dielensky-stol-so-zasuvkami-nosnost-800-kg-1500x750x740-1140-mm","status":"publish","type":"product","link":"https:\/\/denako.sk\/ekatalog\/produkt\/systemovy-dielensky-stol-so-zasuvkami-nosnost-800-kg-1500x750x740-1140-mm\/","title":{"rendered":"Syst\u00e9mov\u00fd dielensk\u00fd st\u00f4l so z\u00e1suvkami, nosnos\u0165 800 kg 1500x750x740-1140 mm"},"content":{"rendered":"<ul>\n<li>Celkov\u00e9 rozmery \u0161\u00edrka x h\u013abka x v\u00fd\u0161ka: 1500x750x740 &#8211; 1140 mm, v\u00fd\u0161kovo nastavite\u013en\u00e9 nohy pracovn\u00e9ho stola<\/li>\n<li>Z\u00e1suvkov\u00e1 skrinka 650x650x600mm, 4x z\u00e1suvka (v\u00fd\u0161ka \u010dela 75,75,150,200 mm)<\/li>\n<li>Multiplex pracovn\u00e1 doska 40 mm<\/li>\n<li>Nosnos\u0165 z\u00e1suvky 75 kg<\/li>\n<li>Modul\u00e1rny syst\u00e9m, ktor\u00fd vytvor\u00ed jeden jednoduch\u00fd pracovn\u00fd celok<\/li>\n<li>R\u00e1mov\u00e1 pevn\u00e1 kon\u0161trukcia s celkovou nosnos\u0165ou do 800 kg<\/li>\n<li>Dielensk\u00fd st\u00f4l je mo\u017en\u00e9 doplni\u0165 o r\u00f4zne pr\u00edslu\u0161enstvo<\/li>\n<\/ul>\n<p><em>Doba dodania 3 &#8211; 4 t\u00fd\u017edne.<\/em><\/p>\n","protected":false},"excerpt":{"rendered":"<p>Celkov\u00e9 rozmery \u0161\u00edrka x h\u013abka x v\u00fd\u0161ka: 1500x750x740 &#8211; 1140 mm, v\u00fd\u0161kovo nastavite\u013en\u00e9 nohy pracovn\u00e9ho stola Z\u00e1suvkov\u00e1 skrinka 650x650x600mm, 4x z\u00e1suvka (v\u00fd\u0161ka \u010dela 75,75,150,200 mm) Multiplex pracovn\u00e1 doska 40 mm Nosnos\u0165 z\u00e1suvky 75 kg Modul\u00e1rny syst\u00e9m, ktor\u00fd vytvor\u00ed jeden jednoduch\u00fd pracovn\u00fd celok R\u00e1mov\u00e1 pevn\u00e1 kon\u0161trukcia s celkovou nosnos\u0165ou do 800 kg Dielensk\u00fd st\u00f4l je mo\u017en\u00e9 [&hellip;]<\/p>\n","protected":false},"featured_media":2127,"template":"","meta":[],"product_cat":[236,237],"product_tag":[],"class_list":{"0":"post-2126","1":"product","2":"type-product","3":"status-publish","4":"has-post-thumbnail","6":"product_cat-dielensky-nabytok","7":"product_cat-dielenske-stoly","9":"first","10":"instock","11":"taxable","12":"shipping-taxable","13":"product-type-simple"},"yoast_head":"<!-- This site is optimized with the Yoast SEO plugin v23.1 - https:\/\/yoast.com\/wordpress\/plugins\/seo\/ -->\n<title>Syst\u00e9mov\u00fd dielensk\u00fd st\u00f4l so z\u00e1suvkami, nosnos\u0165 800 kg 1500x750x740-1140 mm<\/title>\n<meta name=\"robots\" content=\"index, follow, max-snippet:-1, max-image-preview:large, max-video-preview:-1\" \/>\n<link rel=\"canonical\" href=\"https:\/\/denako.sk\/ekatalog\/produkt\/systemovy-dielensky-stol-so-zasuvkami-nosnost-800-kg-1500x750x740-1140-mm\/\" \/>\n<meta property=\"og:locale\" content=\"sk_SK\" \/>\n<meta property=\"og:type\" content=\"article\" \/>\n<meta property=\"og:title\" content=\"Syst\u00e9mov\u00fd dielensk\u00fd st\u00f4l so z\u00e1suvkami, nosnos\u0165 800 kg 1500x750x740-1140 mm\" \/>\n<meta property=\"og:description\" content=\"Celkov\u00e9 rozmery \u0161\u00edrka x h\u013abka x v\u00fd\u0161ka: 1500x750x740 &#8211; 1140 mm, v\u00fd\u0161kovo nastavite\u013en\u00e9 nohy pracovn\u00e9ho stola Z\u00e1suvkov\u00e1 skrinka 650x650x600mm, 4x z\u00e1suvka (v\u00fd\u0161ka \u010dela 75,75,150,200 mm) Multiplex pracovn\u00e1 doska 40 mm Nosnos\u0165 z\u00e1suvky 75 kg Modul\u00e1rny syst\u00e9m, ktor\u00fd vytvor\u00ed jeden jednoduch\u00fd pracovn\u00fd celok R\u00e1mov\u00e1 pevn\u00e1 kon\u0161trukcia s celkovou nosnos\u0165ou do 800 kg Dielensk\u00fd st\u00f4l je mo\u017en\u00e9 [&hellip;]\" \/>\n<meta property=\"og:url\" content=\"https:\/\/denako.sk\/ekatalog\/produkt\/systemovy-dielensky-stol-so-zasuvkami-nosnost-800-kg-1500x750x740-1140-mm\/\" \/>\n<meta property=\"article:modified_time\" content=\"2026-01-28T09:07:22+00:00\" \/>\n<meta property=\"og:image\" content=\"https:\/\/denako.sk\/ekatalog\/wp-content\/uploads\/2022\/01\/systemovy-dielensky-stol-so-zasuvkami-nosnost-800-kg-1500x750x740-1140-mm.jpg\" \/>\n\t<meta property=\"og:image:width\" content=\"1400\" \/>\n\t<meta property=\"og:image:height\" content=\"1400\" \/>\n\t<meta property=\"og:image:type\" content=\"image\/jpeg\" \/>\n<meta name=\"twitter:card\" content=\"summary_large_image\" \/>\n<meta name=\"twitter:label1\" content=\"Predpokladan\u00fd \u010das \u010d\u00edtania\" \/>\n\t<meta name=\"twitter:data1\" content=\"1 min\u00fata\" \/>\n<script type=\"application\/ld+json\" class=\"yoast-schema-graph\">{\"@context\":\"https:\/\/schema.org\",\"@graph\":[{\"@type\":\"WebPage\",\"@id\":\"https:\/\/denako.sk\/ekatalog\/produkt\/systemovy-dielensky-stol-so-zasuvkami-nosnost-800-kg-1500x750x740-1140-mm\/\",\"url\":\"https:\/\/denako.sk\/ekatalog\/produkt\/systemovy-dielensky-stol-so-zasuvkami-nosnost-800-kg-1500x750x740-1140-mm\/\",\"name\":\"Syst\u00e9mov\u00fd dielensk\u00fd st\u00f4l so z\u00e1suvkami, nosnos\u0165 800 kg 1500x750x740-1140 mm\",\"isPartOf\":{\"@id\":\"http:\/\/denako.sk\/ekatalog\/#website\"},\"primaryImageOfPage\":{\"@id\":\"https:\/\/denako.sk\/ekatalog\/produkt\/systemovy-dielensky-stol-so-zasuvkami-nosnost-800-kg-1500x750x740-1140-mm\/#primaryimage\"},\"image\":{\"@id\":\"https:\/\/denako.sk\/ekatalog\/produkt\/systemovy-dielensky-stol-so-zasuvkami-nosnost-800-kg-1500x750x740-1140-mm\/#primaryimage\"},\"thumbnailUrl\":\"https:\/\/denako.sk\/ekatalog\/wp-content\/uploads\/2022\/01\/systemovy-dielensky-stol-so-zasuvkami-nosnost-800-kg-1500x750x740-1140-mm.jpg\",\"datePublished\":\"2022-01-27T12:24:53+00:00\",\"dateModified\":\"2026-01-28T09:07:22+00:00\",\"breadcrumb\":{\"@id\":\"https:\/\/denako.sk\/ekatalog\/produkt\/systemovy-dielensky-stol-so-zasuvkami-nosnost-800-kg-1500x750x740-1140-mm\/#breadcrumb\"},\"inLanguage\":\"sk-SK\",\"potentialAction\":[{\"@type\":\"ReadAction\",\"target\":[\"https:\/\/denako.sk\/ekatalog\/produkt\/systemovy-dielensky-stol-so-zasuvkami-nosnost-800-kg-1500x750x740-1140-mm\/\"]}]},{\"@type\":\"ImageObject\",\"inLanguage\":\"sk-SK\",\"@id\":\"https:\/\/denako.sk\/ekatalog\/produkt\/systemovy-dielensky-stol-so-zasuvkami-nosnost-800-kg-1500x750x740-1140-mm\/#primaryimage\",\"url\":\"https:\/\/denako.sk\/ekatalog\/wp-content\/uploads\/2022\/01\/systemovy-dielensky-stol-so-zasuvkami-nosnost-800-kg-1500x750x740-1140-mm.jpg\",\"contentUrl\":\"https:\/\/denako.sk\/ekatalog\/wp-content\/uploads\/2022\/01\/systemovy-dielensky-stol-so-zasuvkami-nosnost-800-kg-1500x750x740-1140-mm.jpg\",\"width\":1400,\"height\":1400,\"caption\":\"Syst\u00e9mov\u00fd dielensk\u00fd st\u00f4l so z\u00e1suvkami, nosnos\u0165 800 kg 1500x750x740-1140 mm\"},{\"@type\":\"BreadcrumbList\",\"@id\":\"https:\/\/denako.sk\/ekatalog\/produkt\/systemovy-dielensky-stol-so-zasuvkami-nosnost-800-kg-1500x750x740-1140-mm\/#breadcrumb\",\"itemListElement\":[{\"@type\":\"ListItem\",\"position\":1,\"name\":\"Hlavn\u00e1 str\u00e1nka\",\"item\":\"http:\/\/denako.sk\/ekatalog\/\"},{\"@type\":\"ListItem\",\"position\":2,\"name\":\"Produkty\",\"item\":\"http:\/\/denako.sk\/ekatalog\/shop\/\"},{\"@type\":\"ListItem\",\"position\":3,\"name\":\"Dielensk\u00fd n\u00e1bytok\",\"item\":\"https:\/\/denako.sk\/ekatalog\/kategoria\/dielensky-nabytok\/\"},{\"@type\":\"ListItem\",\"position\":4,\"name\":\"Syst\u00e9mov\u00fd dielensk\u00fd st\u00f4l so z\u00e1suvkami, nosnos\u0165 800 kg 1500x750x740-1140 mm\"}]},{\"@type\":\"WebSite\",\"@id\":\"http:\/\/denako.sk\/ekatalog\/#website\",\"url\":\"http:\/\/denako.sk\/ekatalog\/\",\"name\":\"\",\"description\":\"\",\"publisher\":{\"@id\":\"http:\/\/denako.sk\/ekatalog\/#organization\"},\"potentialAction\":[{\"@type\":\"SearchAction\",\"target\":{\"@type\":\"EntryPoint\",\"urlTemplate\":\"http:\/\/denako.sk\/ekatalog\/?s={search_term_string}\"},\"query-input\":\"required name=search_term_string\"}],\"inLanguage\":\"sk-SK\"},{\"@type\":\"Organization\",\"@id\":\"http:\/\/denako.sk\/ekatalog\/#organization\",\"name\":\"Denako, s.r.o.\",\"url\":\"http:\/\/denako.sk\/ekatalog\/\",\"logo\":{\"@type\":\"ImageObject\",\"inLanguage\":\"sk-SK\",\"@id\":\"http:\/\/denako.sk\/ekatalog\/#\/schema\/logo\/image\/\",\"url\":\"http:\/\/localhost\/ekatalog\/wp-content\/uploads\/2017\/06\/logo.png\",\"contentUrl\":\"http:\/\/localhost\/ekatalog\/wp-content\/uploads\/2017\/06\/logo.png\",\"width\":231,\"height\":41,\"caption\":\"Denako, s.r.o.\"},\"image\":{\"@id\":\"http:\/\/denako.sk\/ekatalog\/#\/schema\/logo\/image\/\"},\"sameAs\":[\"https:\/\/www.youtube.com\/channel\/UCTJjjLI7vFxEVKX9tkRSZhw\"]}]}<\/script>\n<!-- \/ Yoast SEO plugin. -->","yoast_head_json":{"title":"Syst\u00e9mov\u00fd dielensk\u00fd st\u00f4l so z\u00e1suvkami, nosnos\u0165 800 kg 1500x750x740-1140 mm","robots":{"index":"index","follow":"follow","max-snippet":"max-snippet:-1","max-image-preview":"max-image-preview:large","max-video-preview":"max-video-preview:-1"},"canonical":"https:\/\/denako.sk\/ekatalog\/produkt\/systemovy-dielensky-stol-so-zasuvkami-nosnost-800-kg-1500x750x740-1140-mm\/","og_locale":"sk_SK","og_type":"article","og_title":"Syst\u00e9mov\u00fd dielensk\u00fd st\u00f4l so z\u00e1suvkami, nosnos\u0165 800 kg 1500x750x740-1140 mm","og_description":"Celkov\u00e9 rozmery \u0161\u00edrka x h\u013abka x v\u00fd\u0161ka: 1500x750x740 &#8211; 1140 mm, v\u00fd\u0161kovo nastavite\u013en\u00e9 nohy pracovn\u00e9ho stola Z\u00e1suvkov\u00e1 skrinka 650x650x600mm, 4x z\u00e1suvka (v\u00fd\u0161ka \u010dela 75,75,150,200 mm) Multiplex pracovn\u00e1 doska 40 mm Nosnos\u0165 z\u00e1suvky 75 kg Modul\u00e1rny syst\u00e9m, ktor\u00fd vytvor\u00ed jeden jednoduch\u00fd pracovn\u00fd celok R\u00e1mov\u00e1 pevn\u00e1 kon\u0161trukcia s celkovou nosnos\u0165ou do 800 kg Dielensk\u00fd st\u00f4l je mo\u017en\u00e9 [&hellip;]","og_url":"https:\/\/denako.sk\/ekatalog\/produkt\/systemovy-dielensky-stol-so-zasuvkami-nosnost-800-kg-1500x750x740-1140-mm\/","article_modified_time":"2026-01-28T09:07:22+00:00","og_image":[{"width":1400,"height":1400,"url":"https:\/\/denako.sk\/ekatalog\/wp-content\/uploads\/2022\/01\/systemovy-dielensky-stol-so-zasuvkami-nosnost-800-kg-1500x750x740-1140-mm.jpg","type":"image\/jpeg"}],"twitter_card":"summary_large_image","twitter_misc":{"Predpokladan\u00fd \u010das \u010d\u00edtania":"1 min\u00fata"},"schema":{"@context":"https:\/\/schema.org","@graph":[{"@type":"WebPage","@id":"https:\/\/denako.sk\/ekatalog\/produkt\/systemovy-dielensky-stol-so-zasuvkami-nosnost-800-kg-1500x750x740-1140-mm\/","url":"https:\/\/denako.sk\/ekatalog\/produkt\/systemovy-dielensky-stol-so-zasuvkami-nosnost-800-kg-1500x750x740-1140-mm\/","name":"Syst\u00e9mov\u00fd dielensk\u00fd st\u00f4l so z\u00e1suvkami, nosnos\u0165 800 kg 1500x750x740-1140 mm","isPartOf":{"@id":"http:\/\/denako.sk\/ekatalog\/#website"},"primaryImageOfPage":{"@id":"https:\/\/denako.sk\/ekatalog\/produkt\/systemovy-dielensky-stol-so-zasuvkami-nosnost-800-kg-1500x750x740-1140-mm\/#primaryimage"},"image":{"@id":"https:\/\/denako.sk\/ekatalog\/produkt\/systemovy-dielensky-stol-so-zasuvkami-nosnost-800-kg-1500x750x740-1140-mm\/#primaryimage"},"thumbnailUrl":"https:\/\/denako.sk\/ekatalog\/wp-content\/uploads\/2022\/01\/systemovy-dielensky-stol-so-zasuvkami-nosnost-800-kg-1500x750x740-1140-mm.jpg","datePublished":"2022-01-27T12:24:53+00:00","dateModified":"2026-01-28T09:07:22+00:00","breadcrumb":{"@id":"https:\/\/denako.sk\/ekatalog\/produkt\/systemovy-dielensky-stol-so-zasuvkami-nosnost-800-kg-1500x750x740-1140-mm\/#breadcrumb"},"inLanguage":"sk-SK","potentialAction":[{"@type":"ReadAction","target":["https:\/\/denako.sk\/ekatalog\/produkt\/systemovy-dielensky-stol-so-zasuvkami-nosnost-800-kg-1500x750x740-1140-mm\/"]}]},{"@type":"ImageObject","inLanguage":"sk-SK","@id":"https:\/\/denako.sk\/ekatalog\/produkt\/systemovy-dielensky-stol-so-zasuvkami-nosnost-800-kg-1500x750x740-1140-mm\/#primaryimage","url":"https:\/\/denako.sk\/ekatalog\/wp-content\/uploads\/2022\/01\/systemovy-dielensky-stol-so-zasuvkami-nosnost-800-kg-1500x750x740-1140-mm.jpg","contentUrl":"https:\/\/denako.sk\/ekatalog\/wp-content\/uploads\/2022\/01\/systemovy-dielensky-stol-so-zasuvkami-nosnost-800-kg-1500x750x740-1140-mm.jpg","width":1400,"height":1400,"caption":"Syst\u00e9mov\u00fd dielensk\u00fd st\u00f4l so z\u00e1suvkami, nosnos\u0165 800 kg 1500x750x740-1140 mm"},{"@type":"BreadcrumbList","@id":"https:\/\/denako.sk\/ekatalog\/produkt\/systemovy-dielensky-stol-so-zasuvkami-nosnost-800-kg-1500x750x740-1140-mm\/#breadcrumb","itemListElement":[{"@type":"ListItem","position":1,"name":"Hlavn\u00e1 str\u00e1nka","item":"http:\/\/denako.sk\/ekatalog\/"},{"@type":"ListItem","position":2,"name":"Produkty","item":"http:\/\/denako.sk\/ekatalog\/shop\/"},{"@type":"ListItem","position":3,"name":"Dielensk\u00fd n\u00e1bytok","item":"https:\/\/denako.sk\/ekatalog\/kategoria\/dielensky-nabytok\/"},{"@type":"ListItem","position":4,"name":"Syst\u00e9mov\u00fd dielensk\u00fd st\u00f4l so z\u00e1suvkami, nosnos\u0165 800 kg 1500x750x740-1140 mm"}]},{"@type":"WebSite","@id":"http:\/\/denako.sk\/ekatalog\/#website","url":"http:\/\/denako.sk\/ekatalog\/","name":"","description":"","publisher":{"@id":"http:\/\/denako.sk\/ekatalog\/#organization"},"potentialAction":[{"@type":"SearchAction","target":{"@type":"EntryPoint","urlTemplate":"http:\/\/denako.sk\/ekatalog\/?s={search_term_string}"},"query-input":"required name=search_term_string"}],"inLanguage":"sk-SK"},{"@type":"Organization","@id":"http:\/\/denako.sk\/ekatalog\/#organization","name":"Denako, s.r.o.","url":"http:\/\/denako.sk\/ekatalog\/","logo":{"@type":"ImageObject","inLanguage":"sk-SK","@id":"http:\/\/denako.sk\/ekatalog\/#\/schema\/logo\/image\/","url":"http:\/\/localhost\/ekatalog\/wp-content\/uploads\/2017\/06\/logo.png","contentUrl":"http:\/\/localhost\/ekatalog\/wp-content\/uploads\/2017\/06\/logo.png","width":231,"height":41,"caption":"Denako, s.r.o."},"image":{"@id":"http:\/\/denako.sk\/ekatalog\/#\/schema\/logo\/image\/"},"sameAs":["https:\/\/www.youtube.com\/channel\/UCTJjjLI7vFxEVKX9tkRSZhw"]}]}},"_links":{"self":[{"href":"https:\/\/denako.sk\/ekatalog\/wp-json\/wp\/v2\/product\/2126"}],"collection":[{"href":"https:\/\/denako.sk\/ekatalog\/wp-json\/wp\/v2\/product"}],"about":[{"href":"https:\/\/denako.sk\/ekatalog\/wp-json\/wp\/v2\/types\/product"}],"wp:featuredmedia":[{"embeddable":true,"href":"https:\/\/denako.sk\/ekatalog\/wp-json\/wp\/v2\/media\/2127"}],"wp:attachment":[{"href":"https:\/\/denako.sk\/ekatalog\/wp-json\/wp\/v2\/media?parent=2126"}],"wp:term":[{"taxonomy":"product_cat","embeddable":true,"href":"https:\/\/denako.sk\/ekatalog\/wp-json\/wp\/v2\/product_cat?post=2126"},{"taxonomy":"product_tag","embeddable":true,"href":"https:\/\/denako.sk\/ekatalog\/wp-json\/wp\/v2\/product_tag?post=2126"}],"curies":[{"name":"wp","href":"https:\/\/api.w.org\/{rel}","templated":true}]}}