
{"id":2176,"date":"2022-01-28T08:05:14","date_gmt":"2022-01-28T08:05:14","guid":{"rendered":"https:\/\/denako.sk\/ekatalog\/?post_type=product&#038;p=2176"},"modified":"2026-01-28T09:05:31","modified_gmt":"2026-01-28T09:05:31","slug":"dielenska-skrina-4x-polica-sxhxv-1300x650x2000-mm","status":"publish","type":"product","link":"http:\/\/denako.sk\/ekatalog\/produkt\/dielenska-skrina-4x-polica-sxhxv-1300x650x2000-mm\/","title":{"rendered":"Dielensk\u00e1 skri\u0148a, 4x polica \u0160xHxV 1300x650x2000 mm"},"content":{"rendered":"<ul>\n<li>Celkov\u00e9 rozmery \u0161\u00edrka x h\u013abka x v\u00fd\u0161ka 1300x650x2000 mm<\/li>\n<li>4x polica, nosnos\u0165 100 kg<\/li>\n<li>Kr\u00eddlov\u00e9 dvere s perfo dierovan\u00edm<\/li>\n<li>Celkov\u00e1 nosnos\u0165 do 1500 kg<\/li>\n<\/ul>\n<p><em>Doba dodania 3 &#8211; 4 t\u00fd\u017edne.<\/em><\/p>\n","protected":false},"excerpt":{"rendered":"<p>Celkov\u00e9 rozmery \u0161\u00edrka x h\u013abka x v\u00fd\u0161ka 1300x650x2000 mm 4x polica, nosnos\u0165 100 kg Kr\u00eddlov\u00e9 dvere s perfo dierovan\u00edm Celkov\u00e1 nosnos\u0165 do 1500 kg Doba dodania 3 &#8211; 4 t\u00fd\u017edne.<\/p>\n","protected":false},"featured_media":2178,"template":"","meta":[],"product_cat":[236,239],"product_tag":[],"class_list":{"0":"post-2176","1":"product","2":"type-product","3":"status-publish","4":"has-post-thumbnail","6":"product_cat-dielensky-nabytok","7":"product_cat-dielenske-skrine","9":"first","10":"instock","11":"taxable","12":"shipping-taxable","13":"product-type-simple"},"yoast_head":"<!-- This site is optimized with the Yoast SEO plugin v23.1 - https:\/\/yoast.com\/wordpress\/plugins\/seo\/ -->\n<title>Dielensk\u00e1 skri\u0148a, 4x polica \u0160xHxV 1300x650x2000 mm<\/title>\n<meta name=\"robots\" content=\"index, follow, max-snippet:-1, max-image-preview:large, max-video-preview:-1\" \/>\n<link rel=\"canonical\" href=\"http:\/\/denako.sk\/ekatalog\/produkt\/dielenska-skrina-4x-polica-sxhxv-1300x650x2000-mm\/\" \/>\n<meta property=\"og:locale\" content=\"sk_SK\" \/>\n<meta property=\"og:type\" content=\"article\" \/>\n<meta property=\"og:title\" content=\"Dielensk\u00e1 skri\u0148a, 4x polica \u0160xHxV 1300x650x2000 mm\" \/>\n<meta property=\"og:description\" content=\"Celkov\u00e9 rozmery \u0161\u00edrka x h\u013abka x v\u00fd\u0161ka 1300x650x2000 mm 4x polica, nosnos\u0165 100 kg Kr\u00eddlov\u00e9 dvere s perfo dierovan\u00edm Celkov\u00e1 nosnos\u0165 do 1500 kg Doba dodania 3 &#8211; 4 t\u00fd\u017edne.\" \/>\n<meta property=\"og:url\" content=\"http:\/\/denako.sk\/ekatalog\/produkt\/dielenska-skrina-4x-polica-sxhxv-1300x650x2000-mm\/\" \/>\n<meta property=\"article:modified_time\" content=\"2026-01-28T09:05:31+00:00\" \/>\n<meta property=\"og:image\" content=\"http:\/\/denako.sk\/ekatalog\/wp-content\/uploads\/2022\/01\/dielenska-skrina-4x-polica-sxhxv-1300x650x2000-mm.jpg\" \/>\n\t<meta property=\"og:image:width\" content=\"1400\" \/>\n\t<meta property=\"og:image:height\" content=\"1400\" \/>\n\t<meta property=\"og:image:type\" content=\"image\/jpeg\" \/>\n<meta name=\"twitter:card\" content=\"summary_large_image\" \/>\n<meta name=\"twitter:label1\" content=\"Predpokladan\u00fd \u010das \u010d\u00edtania\" \/>\n\t<meta name=\"twitter:data1\" content=\"1 min\u00fata\" \/>\n<script type=\"application\/ld+json\" class=\"yoast-schema-graph\">{\"@context\":\"https:\/\/schema.org\",\"@graph\":[{\"@type\":\"WebPage\",\"@id\":\"http:\/\/denako.sk\/ekatalog\/produkt\/dielenska-skrina-4x-polica-sxhxv-1300x650x2000-mm\/\",\"url\":\"http:\/\/denako.sk\/ekatalog\/produkt\/dielenska-skrina-4x-polica-sxhxv-1300x650x2000-mm\/\",\"name\":\"Dielensk\u00e1 skri\u0148a, 4x polica \u0160xHxV 1300x650x2000 mm\",\"isPartOf\":{\"@id\":\"http:\/\/denako.sk\/ekatalog\/#website\"},\"primaryImageOfPage\":{\"@id\":\"http:\/\/denako.sk\/ekatalog\/produkt\/dielenska-skrina-4x-polica-sxhxv-1300x650x2000-mm\/#primaryimage\"},\"image\":{\"@id\":\"http:\/\/denako.sk\/ekatalog\/produkt\/dielenska-skrina-4x-polica-sxhxv-1300x650x2000-mm\/#primaryimage\"},\"thumbnailUrl\":\"http:\/\/denako.sk\/ekatalog\/wp-content\/uploads\/2022\/01\/dielenska-skrina-4x-polica-sxhxv-1300x650x2000-mm.jpg\",\"datePublished\":\"2022-01-28T08:05:14+00:00\",\"dateModified\":\"2026-01-28T09:05:31+00:00\",\"breadcrumb\":{\"@id\":\"http:\/\/denako.sk\/ekatalog\/produkt\/dielenska-skrina-4x-polica-sxhxv-1300x650x2000-mm\/#breadcrumb\"},\"inLanguage\":\"sk-SK\",\"potentialAction\":[{\"@type\":\"ReadAction\",\"target\":[\"http:\/\/denako.sk\/ekatalog\/produkt\/dielenska-skrina-4x-polica-sxhxv-1300x650x2000-mm\/\"]}]},{\"@type\":\"ImageObject\",\"inLanguage\":\"sk-SK\",\"@id\":\"http:\/\/denako.sk\/ekatalog\/produkt\/dielenska-skrina-4x-polica-sxhxv-1300x650x2000-mm\/#primaryimage\",\"url\":\"http:\/\/denako.sk\/ekatalog\/wp-content\/uploads\/2022\/01\/dielenska-skrina-4x-polica-sxhxv-1300x650x2000-mm.jpg\",\"contentUrl\":\"http:\/\/denako.sk\/ekatalog\/wp-content\/uploads\/2022\/01\/dielenska-skrina-4x-polica-sxhxv-1300x650x2000-mm.jpg\",\"width\":1400,\"height\":1400,\"caption\":\"Dielensk\u00e1 skri\u0148a, 4x polica \u0160xHxV 1300x650x2000 mm\"},{\"@type\":\"BreadcrumbList\",\"@id\":\"http:\/\/denako.sk\/ekatalog\/produkt\/dielenska-skrina-4x-polica-sxhxv-1300x650x2000-mm\/#breadcrumb\",\"itemListElement\":[{\"@type\":\"ListItem\",\"position\":1,\"name\":\"Hlavn\u00e1 str\u00e1nka\",\"item\":\"http:\/\/denako.sk\/ekatalog\/\"},{\"@type\":\"ListItem\",\"position\":2,\"name\":\"Produkty\",\"item\":\"http:\/\/denako.sk\/ekatalog\/shop\/\"},{\"@type\":\"ListItem\",\"position\":3,\"name\":\"Dielensk\u00fd n\u00e1bytok\",\"item\":\"https:\/\/denako.sk\/ekatalog\/kategoria\/dielensky-nabytok\/\"},{\"@type\":\"ListItem\",\"position\":4,\"name\":\"Dielensk\u00e9 skrine\",\"item\":\"http:\/\/denako.sk\/ekatalog\/kategoria\/dielensky-nabytok\/dielenske-skrine\/\"},{\"@type\":\"ListItem\",\"position\":5,\"name\":\"Dielensk\u00e1 skri\u0148a, 4x polica \u0160xHxV 1300x650x2000 mm\"}]},{\"@type\":\"WebSite\",\"@id\":\"http:\/\/denako.sk\/ekatalog\/#website\",\"url\":\"http:\/\/denako.sk\/ekatalog\/\",\"name\":\"\",\"description\":\"\",\"publisher\":{\"@id\":\"http:\/\/denako.sk\/ekatalog\/#organization\"},\"potentialAction\":[{\"@type\":\"SearchAction\",\"target\":{\"@type\":\"EntryPoint\",\"urlTemplate\":\"http:\/\/denako.sk\/ekatalog\/?s={search_term_string}\"},\"query-input\":\"required name=search_term_string\"}],\"inLanguage\":\"sk-SK\"},{\"@type\":\"Organization\",\"@id\":\"http:\/\/denako.sk\/ekatalog\/#organization\",\"name\":\"Denako, s.r.o.\",\"url\":\"http:\/\/denako.sk\/ekatalog\/\",\"logo\":{\"@type\":\"ImageObject\",\"inLanguage\":\"sk-SK\",\"@id\":\"http:\/\/denako.sk\/ekatalog\/#\/schema\/logo\/image\/\",\"url\":\"http:\/\/localhost\/ekatalog\/wp-content\/uploads\/2017\/06\/logo.png\",\"contentUrl\":\"http:\/\/localhost\/ekatalog\/wp-content\/uploads\/2017\/06\/logo.png\",\"width\":231,\"height\":41,\"caption\":\"Denako, s.r.o.\"},\"image\":{\"@id\":\"http:\/\/denako.sk\/ekatalog\/#\/schema\/logo\/image\/\"},\"sameAs\":[\"https:\/\/www.youtube.com\/channel\/UCTJjjLI7vFxEVKX9tkRSZhw\"]}]}<\/script>\n<!-- \/ Yoast SEO plugin. -->","yoast_head_json":{"title":"Dielensk\u00e1 skri\u0148a, 4x polica \u0160xHxV 1300x650x2000 mm","robots":{"index":"index","follow":"follow","max-snippet":"max-snippet:-1","max-image-preview":"max-image-preview:large","max-video-preview":"max-video-preview:-1"},"canonical":"http:\/\/denako.sk\/ekatalog\/produkt\/dielenska-skrina-4x-polica-sxhxv-1300x650x2000-mm\/","og_locale":"sk_SK","og_type":"article","og_title":"Dielensk\u00e1 skri\u0148a, 4x polica \u0160xHxV 1300x650x2000 mm","og_description":"Celkov\u00e9 rozmery \u0161\u00edrka x h\u013abka x v\u00fd\u0161ka 1300x650x2000 mm 4x polica, nosnos\u0165 100 kg Kr\u00eddlov\u00e9 dvere s perfo dierovan\u00edm Celkov\u00e1 nosnos\u0165 do 1500 kg Doba dodania 3 &#8211; 4 t\u00fd\u017edne.","og_url":"http:\/\/denako.sk\/ekatalog\/produkt\/dielenska-skrina-4x-polica-sxhxv-1300x650x2000-mm\/","article_modified_time":"2026-01-28T09:05:31+00:00","og_image":[{"width":1400,"height":1400,"url":"http:\/\/denako.sk\/ekatalog\/wp-content\/uploads\/2022\/01\/dielenska-skrina-4x-polica-sxhxv-1300x650x2000-mm.jpg","type":"image\/jpeg"}],"twitter_card":"summary_large_image","twitter_misc":{"Predpokladan\u00fd \u010das \u010d\u00edtania":"1 min\u00fata"},"schema":{"@context":"https:\/\/schema.org","@graph":[{"@type":"WebPage","@id":"http:\/\/denako.sk\/ekatalog\/produkt\/dielenska-skrina-4x-polica-sxhxv-1300x650x2000-mm\/","url":"http:\/\/denako.sk\/ekatalog\/produkt\/dielenska-skrina-4x-polica-sxhxv-1300x650x2000-mm\/","name":"Dielensk\u00e1 skri\u0148a, 4x polica \u0160xHxV 1300x650x2000 mm","isPartOf":{"@id":"http:\/\/denako.sk\/ekatalog\/#website"},"primaryImageOfPage":{"@id":"http:\/\/denako.sk\/ekatalog\/produkt\/dielenska-skrina-4x-polica-sxhxv-1300x650x2000-mm\/#primaryimage"},"image":{"@id":"http:\/\/denako.sk\/ekatalog\/produkt\/dielenska-skrina-4x-polica-sxhxv-1300x650x2000-mm\/#primaryimage"},"thumbnailUrl":"http:\/\/denako.sk\/ekatalog\/wp-content\/uploads\/2022\/01\/dielenska-skrina-4x-polica-sxhxv-1300x650x2000-mm.jpg","datePublished":"2022-01-28T08:05:14+00:00","dateModified":"2026-01-28T09:05:31+00:00","breadcrumb":{"@id":"http:\/\/denako.sk\/ekatalog\/produkt\/dielenska-skrina-4x-polica-sxhxv-1300x650x2000-mm\/#breadcrumb"},"inLanguage":"sk-SK","potentialAction":[{"@type":"ReadAction","target":["http:\/\/denako.sk\/ekatalog\/produkt\/dielenska-skrina-4x-polica-sxhxv-1300x650x2000-mm\/"]}]},{"@type":"ImageObject","inLanguage":"sk-SK","@id":"http:\/\/denako.sk\/ekatalog\/produkt\/dielenska-skrina-4x-polica-sxhxv-1300x650x2000-mm\/#primaryimage","url":"http:\/\/denako.sk\/ekatalog\/wp-content\/uploads\/2022\/01\/dielenska-skrina-4x-polica-sxhxv-1300x650x2000-mm.jpg","contentUrl":"http:\/\/denako.sk\/ekatalog\/wp-content\/uploads\/2022\/01\/dielenska-skrina-4x-polica-sxhxv-1300x650x2000-mm.jpg","width":1400,"height":1400,"caption":"Dielensk\u00e1 skri\u0148a, 4x polica \u0160xHxV 1300x650x2000 mm"},{"@type":"BreadcrumbList","@id":"http:\/\/denako.sk\/ekatalog\/produkt\/dielenska-skrina-4x-polica-sxhxv-1300x650x2000-mm\/#breadcrumb","itemListElement":[{"@type":"ListItem","position":1,"name":"Hlavn\u00e1 str\u00e1nka","item":"http:\/\/denako.sk\/ekatalog\/"},{"@type":"ListItem","position":2,"name":"Produkty","item":"http:\/\/denako.sk\/ekatalog\/shop\/"},{"@type":"ListItem","position":3,"name":"Dielensk\u00fd n\u00e1bytok","item":"https:\/\/denako.sk\/ekatalog\/kategoria\/dielensky-nabytok\/"},{"@type":"ListItem","position":4,"name":"Dielensk\u00e9 skrine","item":"http:\/\/denako.sk\/ekatalog\/kategoria\/dielensky-nabytok\/dielenske-skrine\/"},{"@type":"ListItem","position":5,"name":"Dielensk\u00e1 skri\u0148a, 4x polica \u0160xHxV 1300x650x2000 mm"}]},{"@type":"WebSite","@id":"http:\/\/denako.sk\/ekatalog\/#website","url":"http:\/\/denako.sk\/ekatalog\/","name":"","description":"","publisher":{"@id":"http:\/\/denako.sk\/ekatalog\/#organization"},"potentialAction":[{"@type":"SearchAction","target":{"@type":"EntryPoint","urlTemplate":"http:\/\/denako.sk\/ekatalog\/?s={search_term_string}"},"query-input":"required name=search_term_string"}],"inLanguage":"sk-SK"},{"@type":"Organization","@id":"http:\/\/denako.sk\/ekatalog\/#organization","name":"Denako, s.r.o.","url":"http:\/\/denako.sk\/ekatalog\/","logo":{"@type":"ImageObject","inLanguage":"sk-SK","@id":"http:\/\/denako.sk\/ekatalog\/#\/schema\/logo\/image\/","url":"http:\/\/localhost\/ekatalog\/wp-content\/uploads\/2017\/06\/logo.png","contentUrl":"http:\/\/localhost\/ekatalog\/wp-content\/uploads\/2017\/06\/logo.png","width":231,"height":41,"caption":"Denako, s.r.o."},"image":{"@id":"http:\/\/denako.sk\/ekatalog\/#\/schema\/logo\/image\/"},"sameAs":["https:\/\/www.youtube.com\/channel\/UCTJjjLI7vFxEVKX9tkRSZhw"]}]}},"_links":{"self":[{"href":"http:\/\/denako.sk\/ekatalog\/wp-json\/wp\/v2\/product\/2176"}],"collection":[{"href":"http:\/\/denako.sk\/ekatalog\/wp-json\/wp\/v2\/product"}],"about":[{"href":"http:\/\/denako.sk\/ekatalog\/wp-json\/wp\/v2\/types\/product"}],"wp:featuredmedia":[{"embeddable":true,"href":"http:\/\/denako.sk\/ekatalog\/wp-json\/wp\/v2\/media\/2178"}],"wp:attachment":[{"href":"http:\/\/denako.sk\/ekatalog\/wp-json\/wp\/v2\/media?parent=2176"}],"wp:term":[{"taxonomy":"product_cat","embeddable":true,"href":"http:\/\/denako.sk\/ekatalog\/wp-json\/wp\/v2\/product_cat?post=2176"},{"taxonomy":"product_tag","embeddable":true,"href":"http:\/\/denako.sk\/ekatalog\/wp-json\/wp\/v2\/product_tag?post=2176"}],"curies":[{"name":"wp","href":"https:\/\/api.w.org\/{rel}","templated":true}]}}