
{"id":1544,"date":"2020-02-14T13:23:18","date_gmt":"2020-02-14T13:23:18","guid":{"rendered":"http:\/\/localhost\/ekatalog\/?post_type=product&#038;p=1544"},"modified":"2025-06-04T09:57:43","modified_gmt":"2025-06-04T08:57:43","slug":"regaly-do-vozidla-ford-transit-connect-l2-green-package","status":"publish","type":"product","link":"http:\/\/denako.sk\/ekatalog\/produkt\/regaly-do-vozidla-ford-transit-connect-l2-green-package\/","title":{"rendered":"Reg\u00e1ly do vozidla Ford Transit Connect L2 Green package"},"content":{"rendered":"<p>\u013dav\u00e1 strana obsahuje:<\/p>\n<ul>\n<li>1x hlin\u00edkov\u00e1 va\u0148a s proti\u0161mykovou podlo\u017ekou, integrovan\u00fdm zaisten\u00edm n\u00e1kladu (-oo- \/ -C-) a 4x upev\u0148ovac\u00ed popruh (-C-),<\/li>\n<li>1x tabl\u00e1r s 7x vys\u00favac\u00ed bottBox,<\/li>\n<li>1x hlin\u00edkov\u00e1 va\u0148a s proti\u0161mykovou podlo\u017ekou a deliacimi prie\u010dkami,<\/li>\n<li>1x Systainer\u00b3 organizer L 89 s 13 boxmi,<\/li>\n<li>1x Systainer\u00b3 L 137,<\/li>\n<li>1x spodn\u00e1 \u010das\u0165 s integrovan\u00fdm zaisten\u00edm n\u00e1kladu (-oo-),<\/li>\n<li>1x spodn\u00e1 \u010das\u0165 s hlin\u00edkovou va\u0148ou a popruhom so svorkov\u00fdm uz\u00e1verom (-C-),<\/li>\n<li>3x bo\u010dn\u00fd diel s integrovan\u00fdm zaisten\u00edm n\u00e1kladu (-oo-).<\/li>\n<\/ul>\n<p>Podpodlahov\u00fd modul obsahuje:<\/p>\n<ul>\n<li>3x z\u00e1suvka s vysokou nosnos\u0165ou (70 kg) s proti\u0161mykovou podlo\u017ekou,<\/li>\n<li>v\u00fd\u0161ka 250 mm,<\/li>\n<li>V\u00fdhody podpodlahov\u00e9 modulu: st\u00e1le ost\u00e1va vo vozidle vo\u013en\u00e1 lo\u017en\u00e1 plocha, ochrana proti kr\u00e1de\u017ei &#8211; n\u00e1stroje a n\u00e1klad ulo\u017een\u00fd v z\u00e1suvke nie je vidie\u0165, pohodln\u00e1 obsluha zo zadn\u00fdch a bo\u010dn\u00fdch posuvn\u00fdch dver\u00ed, ve\u013ek\u00fd objem z\u00e1suviek.<\/li>\n<\/ul>\n<p>Pr\u00edslu\u0161enstvo:<\/p>\n<ul>\n<li>1x dr\u017eiak na dokumenty,<\/li>\n<li>1x box \u2013 tiltBox,<\/li>\n<li>1x upev\u0148ovac\u00ed popruh \u2013 fitting,<\/li>\n<li>1x upev\u0148ovac\u00ed popruh C-Lash.<\/li>\n<\/ul>\n<p>\u013dav\u00e1 strana rozmery &#8211; reg\u00e1l \u0160xHxV v mm: 1598 x 376 x 850.<\/p>\n<p>Hmotnos\u0165 iba 159 kg.<\/p>\n<p><em>Doba dodania 3 &#8211; 4 t\u00fd\u017edne.<\/em><\/p>\n","protected":false},"excerpt":{"rendered":"<p>Reg\u00e1ly &#8211; reg\u00e1lov\u00fd syst\u00e9m do vozidla Ford Transit Connect L2 Green package<\/p>\n","protected":false},"featured_media":1545,"template":"","meta":[],"product_cat":[120],"product_tag":[],"class_list":{"0":"post-1544","1":"product","2":"type-product","3":"status-publish","4":"has-post-thumbnail","6":"product_cat-ford","8":"first","9":"instock","10":"taxable","11":"shipping-taxable","12":"product-type-simple"},"yoast_head":"<!-- This site is optimized with the Yoast SEO plugin v23.1 - https:\/\/yoast.com\/wordpress\/plugins\/seo\/ -->\n<title>Reg\u00e1ly do vozidla Ford Transit Connect L2 Green package<\/title>\n<meta name=\"description\" content=\"Profesion\u00e1lne reg\u00e1ly do vozidla Ford Transit Connect L2 Green package. Reg\u00e1l so syst\u00e9mom podpodlahov\u00fdch z\u00e1suviek. N\u00edzka hmotnos\u0165 zariadenia.\" \/>\n<meta name=\"robots\" content=\"index, follow, max-snippet:-1, max-image-preview:large, max-video-preview:-1\" \/>\n<link rel=\"canonical\" href=\"http:\/\/denako.sk\/ekatalog\/produkt\/regaly-do-vozidla-ford-transit-connect-l2-green-package\/\" \/>\n<meta property=\"og:locale\" content=\"sk_SK\" \/>\n<meta property=\"og:type\" content=\"article\" \/>\n<meta property=\"og:title\" content=\"Reg\u00e1ly do vozidla Ford Transit Connect L2 Green package\" \/>\n<meta property=\"og:description\" content=\"Profesion\u00e1lne reg\u00e1ly do vozidla Ford Transit Connect L2 Green package. Reg\u00e1l so syst\u00e9mom podpodlahov\u00fdch z\u00e1suviek. N\u00edzka hmotnos\u0165 zariadenia.\" \/>\n<meta property=\"og:url\" content=\"http:\/\/denako.sk\/ekatalog\/produkt\/regaly-do-vozidla-ford-transit-connect-l2-green-package\/\" \/>\n<meta property=\"article:modified_time\" content=\"2025-06-04T08:57:43+00:00\" \/>\n<meta property=\"og:image\" content=\"http:\/\/denako.sk\/ekatalog\/wp-content\/uploads\/2020\/02\/regaly-ford-transit-connect-l2-green.jpg\" \/>\n\t<meta property=\"og:image:width\" content=\"1600\" \/>\n\t<meta property=\"og:image:height\" content=\"1200\" \/>\n\t<meta property=\"og:image:type\" content=\"image\/jpeg\" \/>\n<meta name=\"twitter:card\" content=\"summary_large_image\" \/>\n<meta name=\"twitter:label1\" content=\"Predpokladan\u00fd \u010das \u010d\u00edtania\" \/>\n\t<meta name=\"twitter:data1\" content=\"1 min\u00fata\" \/>\n<script type=\"application\/ld+json\" class=\"yoast-schema-graph\">{\"@context\":\"https:\/\/schema.org\",\"@graph\":[{\"@type\":\"WebPage\",\"@id\":\"http:\/\/denako.sk\/ekatalog\/produkt\/regaly-do-vozidla-ford-transit-connect-l2-green-package\/\",\"url\":\"http:\/\/denako.sk\/ekatalog\/produkt\/regaly-do-vozidla-ford-transit-connect-l2-green-package\/\",\"name\":\"Reg\u00e1ly do vozidla Ford Transit Connect L2 Green package\",\"isPartOf\":{\"@id\":\"http:\/\/denako.sk\/ekatalog\/#website\"},\"primaryImageOfPage\":{\"@id\":\"http:\/\/denako.sk\/ekatalog\/produkt\/regaly-do-vozidla-ford-transit-connect-l2-green-package\/#primaryimage\"},\"image\":{\"@id\":\"http:\/\/denako.sk\/ekatalog\/produkt\/regaly-do-vozidla-ford-transit-connect-l2-green-package\/#primaryimage\"},\"thumbnailUrl\":\"http:\/\/denako.sk\/ekatalog\/wp-content\/uploads\/2020\/02\/regaly-ford-transit-connect-l2-green.jpg\",\"datePublished\":\"2020-02-14T13:23:18+00:00\",\"dateModified\":\"2025-06-04T08:57:43+00:00\",\"description\":\"Profesion\u00e1lne reg\u00e1ly do vozidla Ford Transit Connect L2 Green package. Reg\u00e1l so syst\u00e9mom podpodlahov\u00fdch z\u00e1suviek. N\u00edzka hmotnos\u0165 zariadenia.\",\"breadcrumb\":{\"@id\":\"http:\/\/denako.sk\/ekatalog\/produkt\/regaly-do-vozidla-ford-transit-connect-l2-green-package\/#breadcrumb\"},\"inLanguage\":\"sk-SK\",\"potentialAction\":[{\"@type\":\"ReadAction\",\"target\":[\"http:\/\/denako.sk\/ekatalog\/produkt\/regaly-do-vozidla-ford-transit-connect-l2-green-package\/\"]}]},{\"@type\":\"ImageObject\",\"inLanguage\":\"sk-SK\",\"@id\":\"http:\/\/denako.sk\/ekatalog\/produkt\/regaly-do-vozidla-ford-transit-connect-l2-green-package\/#primaryimage\",\"url\":\"http:\/\/denako.sk\/ekatalog\/wp-content\/uploads\/2020\/02\/regaly-ford-transit-connect-l2-green.jpg\",\"contentUrl\":\"http:\/\/denako.sk\/ekatalog\/wp-content\/uploads\/2020\/02\/regaly-ford-transit-connect-l2-green.jpg\",\"width\":1600,\"height\":1200,\"caption\":\"Reg\u00e1ly do vozidla Ford Transit Connect L2 Green package\"},{\"@type\":\"BreadcrumbList\",\"@id\":\"http:\/\/denako.sk\/ekatalog\/produkt\/regaly-do-vozidla-ford-transit-connect-l2-green-package\/#breadcrumb\",\"itemListElement\":[{\"@type\":\"ListItem\",\"position\":1,\"name\":\"Hlavn\u00e1 str\u00e1nka\",\"item\":\"http:\/\/denako.sk\/ekatalog\/\"},{\"@type\":\"ListItem\",\"position\":2,\"name\":\"Produkty\",\"item\":\"http:\/\/denako.sk\/ekatalog\/shop\/\"},{\"@type\":\"ListItem\",\"position\":3,\"name\":\"Profesion\u00e1lne reg\u00e1ly do vozidiel\",\"item\":\"http:\/\/denako.sk\/ekatalog\/kategoria\/profesionalne-regaly-do-vozidiel\/\"},{\"@type\":\"ListItem\",\"position\":4,\"name\":\"Reg\u00e1ly do vozidiel Ford\",\"item\":\"http:\/\/denako.sk\/ekatalog\/kategoria\/profesionalne-regaly-do-vozidiel\/ford\/\"},{\"@type\":\"ListItem\",\"position\":5,\"name\":\"Reg\u00e1ly do vozidla Ford Transit Connect L2 Green package\"}]},{\"@type\":\"WebSite\",\"@id\":\"http:\/\/denako.sk\/ekatalog\/#website\",\"url\":\"http:\/\/denako.sk\/ekatalog\/\",\"name\":\"\",\"description\":\"\",\"publisher\":{\"@id\":\"http:\/\/denako.sk\/ekatalog\/#organization\"},\"potentialAction\":[{\"@type\":\"SearchAction\",\"target\":{\"@type\":\"EntryPoint\",\"urlTemplate\":\"http:\/\/denako.sk\/ekatalog\/?s={search_term_string}\"},\"query-input\":\"required name=search_term_string\"}],\"inLanguage\":\"sk-SK\"},{\"@type\":\"Organization\",\"@id\":\"http:\/\/denako.sk\/ekatalog\/#organization\",\"name\":\"Denako, s.r.o.\",\"url\":\"http:\/\/denako.sk\/ekatalog\/\",\"logo\":{\"@type\":\"ImageObject\",\"inLanguage\":\"sk-SK\",\"@id\":\"http:\/\/denako.sk\/ekatalog\/#\/schema\/logo\/image\/\",\"url\":\"http:\/\/localhost\/ekatalog\/wp-content\/uploads\/2017\/06\/logo.png\",\"contentUrl\":\"http:\/\/localhost\/ekatalog\/wp-content\/uploads\/2017\/06\/logo.png\",\"width\":231,\"height\":41,\"caption\":\"Denako, s.r.o.\"},\"image\":{\"@id\":\"http:\/\/denako.sk\/ekatalog\/#\/schema\/logo\/image\/\"},\"sameAs\":[\"https:\/\/www.youtube.com\/channel\/UCTJjjLI7vFxEVKX9tkRSZhw\"]}]}<\/script>\n<!-- \/ Yoast SEO plugin. -->","yoast_head_json":{"title":"Reg\u00e1ly do vozidla Ford Transit Connect L2 Green package","description":"Profesion\u00e1lne reg\u00e1ly do vozidla Ford Transit Connect L2 Green package. Reg\u00e1l so syst\u00e9mom podpodlahov\u00fdch z\u00e1suviek. N\u00edzka hmotnos\u0165 zariadenia.","robots":{"index":"index","follow":"follow","max-snippet":"max-snippet:-1","max-image-preview":"max-image-preview:large","max-video-preview":"max-video-preview:-1"},"canonical":"http:\/\/denako.sk\/ekatalog\/produkt\/regaly-do-vozidla-ford-transit-connect-l2-green-package\/","og_locale":"sk_SK","og_type":"article","og_title":"Reg\u00e1ly do vozidla Ford Transit Connect L2 Green package","og_description":"Profesion\u00e1lne reg\u00e1ly do vozidla Ford Transit Connect L2 Green package. Reg\u00e1l so syst\u00e9mom podpodlahov\u00fdch z\u00e1suviek. N\u00edzka hmotnos\u0165 zariadenia.","og_url":"http:\/\/denako.sk\/ekatalog\/produkt\/regaly-do-vozidla-ford-transit-connect-l2-green-package\/","article_modified_time":"2025-06-04T08:57:43+00:00","og_image":[{"width":1600,"height":1200,"url":"http:\/\/denako.sk\/ekatalog\/wp-content\/uploads\/2020\/02\/regaly-ford-transit-connect-l2-green.jpg","type":"image\/jpeg"}],"twitter_card":"summary_large_image","twitter_misc":{"Predpokladan\u00fd \u010das \u010d\u00edtania":"1 min\u00fata"},"schema":{"@context":"https:\/\/schema.org","@graph":[{"@type":"WebPage","@id":"http:\/\/denako.sk\/ekatalog\/produkt\/regaly-do-vozidla-ford-transit-connect-l2-green-package\/","url":"http:\/\/denako.sk\/ekatalog\/produkt\/regaly-do-vozidla-ford-transit-connect-l2-green-package\/","name":"Reg\u00e1ly do vozidla Ford Transit Connect L2 Green package","isPartOf":{"@id":"http:\/\/denako.sk\/ekatalog\/#website"},"primaryImageOfPage":{"@id":"http:\/\/denako.sk\/ekatalog\/produkt\/regaly-do-vozidla-ford-transit-connect-l2-green-package\/#primaryimage"},"image":{"@id":"http:\/\/denako.sk\/ekatalog\/produkt\/regaly-do-vozidla-ford-transit-connect-l2-green-package\/#primaryimage"},"thumbnailUrl":"http:\/\/denako.sk\/ekatalog\/wp-content\/uploads\/2020\/02\/regaly-ford-transit-connect-l2-green.jpg","datePublished":"2020-02-14T13:23:18+00:00","dateModified":"2025-06-04T08:57:43+00:00","description":"Profesion\u00e1lne reg\u00e1ly do vozidla Ford Transit Connect L2 Green package. Reg\u00e1l so syst\u00e9mom podpodlahov\u00fdch z\u00e1suviek. N\u00edzka hmotnos\u0165 zariadenia.","breadcrumb":{"@id":"http:\/\/denako.sk\/ekatalog\/produkt\/regaly-do-vozidla-ford-transit-connect-l2-green-package\/#breadcrumb"},"inLanguage":"sk-SK","potentialAction":[{"@type":"ReadAction","target":["http:\/\/denako.sk\/ekatalog\/produkt\/regaly-do-vozidla-ford-transit-connect-l2-green-package\/"]}]},{"@type":"ImageObject","inLanguage":"sk-SK","@id":"http:\/\/denako.sk\/ekatalog\/produkt\/regaly-do-vozidla-ford-transit-connect-l2-green-package\/#primaryimage","url":"http:\/\/denako.sk\/ekatalog\/wp-content\/uploads\/2020\/02\/regaly-ford-transit-connect-l2-green.jpg","contentUrl":"http:\/\/denako.sk\/ekatalog\/wp-content\/uploads\/2020\/02\/regaly-ford-transit-connect-l2-green.jpg","width":1600,"height":1200,"caption":"Reg\u00e1ly do vozidla Ford Transit Connect L2 Green package"},{"@type":"BreadcrumbList","@id":"http:\/\/denako.sk\/ekatalog\/produkt\/regaly-do-vozidla-ford-transit-connect-l2-green-package\/#breadcrumb","itemListElement":[{"@type":"ListItem","position":1,"name":"Hlavn\u00e1 str\u00e1nka","item":"http:\/\/denako.sk\/ekatalog\/"},{"@type":"ListItem","position":2,"name":"Produkty","item":"http:\/\/denako.sk\/ekatalog\/shop\/"},{"@type":"ListItem","position":3,"name":"Profesion\u00e1lne reg\u00e1ly do vozidiel","item":"http:\/\/denako.sk\/ekatalog\/kategoria\/profesionalne-regaly-do-vozidiel\/"},{"@type":"ListItem","position":4,"name":"Reg\u00e1ly do vozidiel Ford","item":"http:\/\/denako.sk\/ekatalog\/kategoria\/profesionalne-regaly-do-vozidiel\/ford\/"},{"@type":"ListItem","position":5,"name":"Reg\u00e1ly do vozidla Ford Transit Connect L2 Green package"}]},{"@type":"WebSite","@id":"http:\/\/denako.sk\/ekatalog\/#website","url":"http:\/\/denako.sk\/ekatalog\/","name":"","description":"","publisher":{"@id":"http:\/\/denako.sk\/ekatalog\/#organization"},"potentialAction":[{"@type":"SearchAction","target":{"@type":"EntryPoint","urlTemplate":"http:\/\/denako.sk\/ekatalog\/?s={search_term_string}"},"query-input":"required name=search_term_string"}],"inLanguage":"sk-SK"},{"@type":"Organization","@id":"http:\/\/denako.sk\/ekatalog\/#organization","name":"Denako, s.r.o.","url":"http:\/\/denako.sk\/ekatalog\/","logo":{"@type":"ImageObject","inLanguage":"sk-SK","@id":"http:\/\/denako.sk\/ekatalog\/#\/schema\/logo\/image\/","url":"http:\/\/localhost\/ekatalog\/wp-content\/uploads\/2017\/06\/logo.png","contentUrl":"http:\/\/localhost\/ekatalog\/wp-content\/uploads\/2017\/06\/logo.png","width":231,"height":41,"caption":"Denako, s.r.o."},"image":{"@id":"http:\/\/denako.sk\/ekatalog\/#\/schema\/logo\/image\/"},"sameAs":["https:\/\/www.youtube.com\/channel\/UCTJjjLI7vFxEVKX9tkRSZhw"]}]}},"_links":{"self":[{"href":"http:\/\/denako.sk\/ekatalog\/wp-json\/wp\/v2\/product\/1544"}],"collection":[{"href":"http:\/\/denako.sk\/ekatalog\/wp-json\/wp\/v2\/product"}],"about":[{"href":"http:\/\/denako.sk\/ekatalog\/wp-json\/wp\/v2\/types\/product"}],"wp:featuredmedia":[{"embeddable":true,"href":"http:\/\/denako.sk\/ekatalog\/wp-json\/wp\/v2\/media\/1545"}],"wp:attachment":[{"href":"http:\/\/denako.sk\/ekatalog\/wp-json\/wp\/v2\/media?parent=1544"}],"wp:term":[{"taxonomy":"product_cat","embeddable":true,"href":"http:\/\/denako.sk\/ekatalog\/wp-json\/wp\/v2\/product_cat?post=1544"},{"taxonomy":"product_tag","embeddable":true,"href":"http:\/\/denako.sk\/ekatalog\/wp-json\/wp\/v2\/product_tag?post=1544"}],"curies":[{"name":"wp","href":"https:\/\/api.w.org\/{rel}","templated":true}]}}