
{"id":544,"date":"2019-12-05T08:56:54","date_gmt":"2019-12-05T08:56:54","guid":{"rendered":"http:\/\/localhost\/ekatalog2020\/?page_id=544"},"modified":"2022-06-15T13:58:33","modified_gmt":"2022-06-15T12:58:33","slug":"544-2","status":"publish","type":"page","link":"http:\/\/denako.sk\/ekatalog\/","title":{"rendered":"Ekatal\u00f3g: Profesion\u00e1lne reg\u00e1ly do vozidiel &#8211; dielensk\u00fd n\u00e1bytok | bott"},"content":{"rendered":"\n<div class=\"wp-block-columns alignwide are-vertically-aligned-top is-layout-flex wp-container-core-columns-is-layout-1 wp-block-columns-is-layout-flex\">\n<div class=\"wp-block-column is-vertically-aligned-top is-layout-flow wp-block-column-is-layout-flow\" style=\"flex-basis:70%\">\n<div class=\"flexslider\">\n  <ul class=\"slides\">\n<li>\n      <img decoding=\"async\" src=\"http:\/\/denako.sk\/ekatalog\/wp-content\/uploads\/2022\/05\/dielensky-nabytok-2.jpg\">\n    <\/li>\n    <li>\n      <img decoding=\"async\" src=\"http:\/\/denako.sk\/ekatalog\/wp-content\/uploads\/2020\/01\/regalove-systemy-do-vozidiel-1.jpg\">\n    <\/li>\n    <li>\n      <img decoding=\"async\" src=\"http:\/\/denako.sk\/ekatalog\/wp-content\/uploads\/2020\/01\/regalove-systemy-do-vozidiel-2.jpg\">\n    <\/li>\n    <li>\n      <img decoding=\"async\" src=\"http:\/\/denako.sk\/ekatalog\/wp-content\/uploads\/2020\/01\/regalove-systemy-do-vozidiel-3.jpg\">\n    <\/li>\n  <\/ul>\n<\/div>\n<\/div>\n\n\n\n<div class=\"wp-block-column is-vertically-aligned-top is-layout-flow wp-block-column-is-layout-flow\" style=\"flex-basis:30%\"><div data-block-name=\"woocommerce\/featured-category\" data-dim-ratio=\"80\" data-edit-mode=\"false\" data-media-id=\"1324\" data-media-src=\"http:\/\/localhost\/ekatalog2020\/wp-content\/uploads\/2020\/01\/profesionalne-regaly-do-vozidiel.jpg\" data-category-id=\"9\" data-show-desc=\"false\" class=\"wc-block-featured-category alignnone has-background-dim has-background-dim-80 wp-block-woocommerce-featured-category\" style=\"min-height:500px;\"><div class=\"wc-block-featured-category__wrapper\"><div class=\"background-dim__overlay\" style=\"background-color: #000000\"><\/div><img decoding=\"async\" alt=\"Profesion\u00e1lne reg\u00e1ly do vozidiel\" class=\"wc-block-featured-category__background-image\" src=\"http:\/\/denako.sk\/ekatalog\/wp-content\/uploads\/2020\/01\/profesionalne-regaly-do-vozidiel.jpg\" style=\"object-fit: none;object-position: 50% 50%;\" \/><h2 class=\"wc-block-featured-category__title\">Profesion\u00e1lne reg\u00e1ly do vozidiel<\/h2><div class=\"wc-block-featured-category__link\">\n\n<div class=\"wp-block-buttons is-content-justification-center is-layout-flex wp-container-core-buttons-is-layout-1 wp-block-buttons-is-layout-flex\">\n<div class=\"wp-block-button\"><a class=\"wp-block-button__link\" href=\"https:\/\/denako.sk\/ekatalog\/kategoria\/profesionalne-regaly-do-vozidiel\/\">K\u00fapi\u0165<\/a><\/div>\n<\/div>\n\n<\/div><\/div><\/div><\/div>\n<\/div>\n\n\n","protected":false},"excerpt":{"rendered":"","protected":false},"author":1,"featured_media":0,"parent":0,"menu_order":0,"comment_status":"closed","ping_status":"closed","template":"template-fullwidth.php","meta":{"footnotes":""},"class_list":["post-544","page","type-page","status-publish","hentry"],"yoast_head":"<!-- This site is optimized with the Yoast SEO plugin v23.1 - https:\/\/yoast.com\/wordpress\/plugins\/seo\/ -->\n<title>Ekatal\u00f3g: Profesion\u00e1lne reg\u00e1ly do vozidiel - dielensk\u00fd n\u00e1bytok | bott<\/title>\n<meta name=\"description\" content=\"Profesion\u00e1lne reg\u00e1ly a reg\u00e1lov\u00e9 syst\u00e9my do v\u0161etk\u00fdch dod\u00e1vkov\u00fdch \u00fa\u017eitkov\u00fdch vozidiel, dielensk\u00fd n\u00e1bytok bott. Osved\u010den\u00e1 kvalita, \u0161irok\u00e1 mo\u017enos\u0165 pou\u017eitia.\" \/>\n<meta name=\"robots\" content=\"index, follow, max-snippet:-1, max-image-preview:large, max-video-preview:-1\" \/>\n<link rel=\"canonical\" href=\"http:\/\/denako.sk\/ekatalog\/\" \/>\n<meta property=\"og:locale\" content=\"sk_SK\" \/>\n<meta property=\"og:type\" content=\"article\" \/>\n<meta property=\"og:title\" content=\"Ekatal\u00f3g: Profesion\u00e1lne reg\u00e1ly do vozidiel - dielensk\u00fd n\u00e1bytok | bott\" \/>\n<meta property=\"og:description\" content=\"Profesion\u00e1lne reg\u00e1ly a reg\u00e1lov\u00e9 syst\u00e9my do v\u0161etk\u00fdch dod\u00e1vkov\u00fdch \u00fa\u017eitkov\u00fdch vozidiel, dielensk\u00fd n\u00e1bytok bott. Osved\u010den\u00e1 kvalita, \u0161irok\u00e1 mo\u017enos\u0165 pou\u017eitia.\" \/>\n<meta property=\"og:url\" content=\"http:\/\/denako.sk\/ekatalog\/\" \/>\n<meta property=\"article:modified_time\" content=\"2022-06-15T12:58:33+00:00\" \/>\n<meta property=\"og:image\" content=\"http:\/\/denako.sk\/ekatalog\/wp-content\/uploads\/2022\/05\/dielensky-nabytok-2.jpg\" \/>\n<meta name=\"twitter:card\" content=\"summary_large_image\" \/>\n<meta name=\"twitter:label1\" content=\"Predpokladan\u00fd \u010das \u010d\u00edtania\" \/>\n\t<meta name=\"twitter:data1\" content=\"1 min\u00fata\" \/>\n<script type=\"application\/ld+json\" class=\"yoast-schema-graph\">{\"@context\":\"https:\/\/schema.org\",\"@graph\":[{\"@type\":\"WebPage\",\"@id\":\"http:\/\/denako.sk\/ekatalog\/\",\"url\":\"http:\/\/denako.sk\/ekatalog\/\",\"name\":\"Ekatal\u00f3g: Profesion\u00e1lne reg\u00e1ly do vozidiel - dielensk\u00fd n\u00e1bytok | bott\",\"isPartOf\":{\"@id\":\"http:\/\/denako.sk\/ekatalog\/#website\"},\"primaryImageOfPage\":{\"@id\":\"http:\/\/denako.sk\/ekatalog\/#primaryimage\"},\"image\":{\"@id\":\"http:\/\/denako.sk\/ekatalog\/#primaryimage\"},\"thumbnailUrl\":\"http:\/\/denako.sk\/ekatalog\/wp-content\/uploads\/2022\/05\/dielensky-nabytok-2.jpg\",\"datePublished\":\"2019-12-05T08:56:54+00:00\",\"dateModified\":\"2022-06-15T12:58:33+00:00\",\"description\":\"Profesion\u00e1lne reg\u00e1ly a reg\u00e1lov\u00e9 syst\u00e9my do v\u0161etk\u00fdch dod\u00e1vkov\u00fdch \u00fa\u017eitkov\u00fdch vozidiel, dielensk\u00fd n\u00e1bytok bott. Osved\u010den\u00e1 kvalita, \u0161irok\u00e1 mo\u017enos\u0165 pou\u017eitia.\",\"breadcrumb\":{\"@id\":\"http:\/\/denako.sk\/ekatalog\/#breadcrumb\"},\"inLanguage\":\"sk-SK\",\"potentialAction\":[{\"@type\":\"ReadAction\",\"target\":[\"http:\/\/denako.sk\/ekatalog\/\"]}]},{\"@type\":\"ImageObject\",\"inLanguage\":\"sk-SK\",\"@id\":\"http:\/\/denako.sk\/ekatalog\/#primaryimage\",\"url\":\"http:\/\/denako.sk\/ekatalog\/wp-content\/uploads\/2022\/05\/dielensky-nabytok-2.jpg\",\"contentUrl\":\"http:\/\/denako.sk\/ekatalog\/wp-content\/uploads\/2022\/05\/dielensky-nabytok-2.jpg\",\"width\":888,\"height\":500},{\"@type\":\"BreadcrumbList\",\"@id\":\"http:\/\/denako.sk\/ekatalog\/#breadcrumb\",\"itemListElement\":[{\"@type\":\"ListItem\",\"position\":1,\"name\":\"Hlavn\u00e1 str\u00e1nka\",\"item\":\"http:\/\/denako.sk\/ekatalog\/\"},{\"@type\":\"ListItem\",\"position\":2,\"name\":\"Ekatal\u00f3g: Profesion\u00e1lne reg\u00e1ly do vozidiel &#8211; dielensk\u00fd n\u00e1bytok | bott\"}]},{\"@type\":\"WebSite\",\"@id\":\"http:\/\/denako.sk\/ekatalog\/#website\",\"url\":\"http:\/\/denako.sk\/ekatalog\/\",\"name\":\"\",\"description\":\"\",\"publisher\":{\"@id\":\"http:\/\/denako.sk\/ekatalog\/#organization\"},\"potentialAction\":[{\"@type\":\"SearchAction\",\"target\":{\"@type\":\"EntryPoint\",\"urlTemplate\":\"http:\/\/denako.sk\/ekatalog\/?s={search_term_string}\"},\"query-input\":\"required name=search_term_string\"}],\"inLanguage\":\"sk-SK\"},{\"@type\":\"Organization\",\"@id\":\"http:\/\/denako.sk\/ekatalog\/#organization\",\"name\":\"Denako, s.r.o.\",\"url\":\"http:\/\/denako.sk\/ekatalog\/\",\"logo\":{\"@type\":\"ImageObject\",\"inLanguage\":\"sk-SK\",\"@id\":\"http:\/\/denako.sk\/ekatalog\/#\/schema\/logo\/image\/\",\"url\":\"http:\/\/localhost\/ekatalog\/wp-content\/uploads\/2017\/06\/logo.png\",\"contentUrl\":\"http:\/\/localhost\/ekatalog\/wp-content\/uploads\/2017\/06\/logo.png\",\"width\":231,\"height\":41,\"caption\":\"Denako, s.r.o.\"},\"image\":{\"@id\":\"http:\/\/denako.sk\/ekatalog\/#\/schema\/logo\/image\/\"},\"sameAs\":[\"https:\/\/www.youtube.com\/channel\/UCTJjjLI7vFxEVKX9tkRSZhw\"]}]}<\/script>\n<!-- \/ Yoast SEO plugin. -->","yoast_head_json":{"title":"Ekatal\u00f3g: Profesion\u00e1lne reg\u00e1ly do vozidiel - dielensk\u00fd n\u00e1bytok | bott","description":"Profesion\u00e1lne reg\u00e1ly a reg\u00e1lov\u00e9 syst\u00e9my do v\u0161etk\u00fdch dod\u00e1vkov\u00fdch \u00fa\u017eitkov\u00fdch vozidiel, dielensk\u00fd n\u00e1bytok bott. Osved\u010den\u00e1 kvalita, \u0161irok\u00e1 mo\u017enos\u0165 pou\u017eitia.","robots":{"index":"index","follow":"follow","max-snippet":"max-snippet:-1","max-image-preview":"max-image-preview:large","max-video-preview":"max-video-preview:-1"},"canonical":"http:\/\/denako.sk\/ekatalog\/","og_locale":"sk_SK","og_type":"article","og_title":"Ekatal\u00f3g: Profesion\u00e1lne reg\u00e1ly do vozidiel - dielensk\u00fd n\u00e1bytok | bott","og_description":"Profesion\u00e1lne reg\u00e1ly a reg\u00e1lov\u00e9 syst\u00e9my do v\u0161etk\u00fdch dod\u00e1vkov\u00fdch \u00fa\u017eitkov\u00fdch vozidiel, dielensk\u00fd n\u00e1bytok bott. Osved\u010den\u00e1 kvalita, \u0161irok\u00e1 mo\u017enos\u0165 pou\u017eitia.","og_url":"http:\/\/denako.sk\/ekatalog\/","article_modified_time":"2022-06-15T12:58:33+00:00","og_image":[{"url":"http:\/\/denako.sk\/ekatalog\/wp-content\/uploads\/2022\/05\/dielensky-nabytok-2.jpg"}],"twitter_card":"summary_large_image","twitter_misc":{"Predpokladan\u00fd \u010das \u010d\u00edtania":"1 min\u00fata"},"schema":{"@context":"https:\/\/schema.org","@graph":[{"@type":"WebPage","@id":"http:\/\/denako.sk\/ekatalog\/","url":"http:\/\/denako.sk\/ekatalog\/","name":"Ekatal\u00f3g: Profesion\u00e1lne reg\u00e1ly do vozidiel - dielensk\u00fd n\u00e1bytok | bott","isPartOf":{"@id":"http:\/\/denako.sk\/ekatalog\/#website"},"primaryImageOfPage":{"@id":"http:\/\/denako.sk\/ekatalog\/#primaryimage"},"image":{"@id":"http:\/\/denako.sk\/ekatalog\/#primaryimage"},"thumbnailUrl":"http:\/\/denako.sk\/ekatalog\/wp-content\/uploads\/2022\/05\/dielensky-nabytok-2.jpg","datePublished":"2019-12-05T08:56:54+00:00","dateModified":"2022-06-15T12:58:33+00:00","description":"Profesion\u00e1lne reg\u00e1ly a reg\u00e1lov\u00e9 syst\u00e9my do v\u0161etk\u00fdch dod\u00e1vkov\u00fdch \u00fa\u017eitkov\u00fdch vozidiel, dielensk\u00fd n\u00e1bytok bott. Osved\u010den\u00e1 kvalita, \u0161irok\u00e1 mo\u017enos\u0165 pou\u017eitia.","breadcrumb":{"@id":"http:\/\/denako.sk\/ekatalog\/#breadcrumb"},"inLanguage":"sk-SK","potentialAction":[{"@type":"ReadAction","target":["http:\/\/denako.sk\/ekatalog\/"]}]},{"@type":"ImageObject","inLanguage":"sk-SK","@id":"http:\/\/denako.sk\/ekatalog\/#primaryimage","url":"http:\/\/denako.sk\/ekatalog\/wp-content\/uploads\/2022\/05\/dielensky-nabytok-2.jpg","contentUrl":"http:\/\/denako.sk\/ekatalog\/wp-content\/uploads\/2022\/05\/dielensky-nabytok-2.jpg","width":888,"height":500},{"@type":"BreadcrumbList","@id":"http:\/\/denako.sk\/ekatalog\/#breadcrumb","itemListElement":[{"@type":"ListItem","position":1,"name":"Hlavn\u00e1 str\u00e1nka","item":"http:\/\/denako.sk\/ekatalog\/"},{"@type":"ListItem","position":2,"name":"Ekatal\u00f3g: Profesion\u00e1lne reg\u00e1ly do vozidiel &#8211; dielensk\u00fd n\u00e1bytok | bott"}]},{"@type":"WebSite","@id":"http:\/\/denako.sk\/ekatalog\/#website","url":"http:\/\/denako.sk\/ekatalog\/","name":"","description":"","publisher":{"@id":"http:\/\/denako.sk\/ekatalog\/#organization"},"potentialAction":[{"@type":"SearchAction","target":{"@type":"EntryPoint","urlTemplate":"http:\/\/denako.sk\/ekatalog\/?s={search_term_string}"},"query-input":"required name=search_term_string"}],"inLanguage":"sk-SK"},{"@type":"Organization","@id":"http:\/\/denako.sk\/ekatalog\/#organization","name":"Denako, s.r.o.","url":"http:\/\/denako.sk\/ekatalog\/","logo":{"@type":"ImageObject","inLanguage":"sk-SK","@id":"http:\/\/denako.sk\/ekatalog\/#\/schema\/logo\/image\/","url":"http:\/\/localhost\/ekatalog\/wp-content\/uploads\/2017\/06\/logo.png","contentUrl":"http:\/\/localhost\/ekatalog\/wp-content\/uploads\/2017\/06\/logo.png","width":231,"height":41,"caption":"Denako, s.r.o."},"image":{"@id":"http:\/\/denako.sk\/ekatalog\/#\/schema\/logo\/image\/"},"sameAs":["https:\/\/www.youtube.com\/channel\/UCTJjjLI7vFxEVKX9tkRSZhw"]}]}},"_links":{"self":[{"href":"http:\/\/denako.sk\/ekatalog\/wp-json\/wp\/v2\/pages\/544"}],"collection":[{"href":"http:\/\/denako.sk\/ekatalog\/wp-json\/wp\/v2\/pages"}],"about":[{"href":"http:\/\/denako.sk\/ekatalog\/wp-json\/wp\/v2\/types\/page"}],"author":[{"embeddable":true,"href":"http:\/\/denako.sk\/ekatalog\/wp-json\/wp\/v2\/users\/1"}],"replies":[{"embeddable":true,"href":"http:\/\/denako.sk\/ekatalog\/wp-json\/wp\/v2\/comments?post=544"}],"version-history":[{"count":156,"href":"http:\/\/denako.sk\/ekatalog\/wp-json\/wp\/v2\/pages\/544\/revisions"}],"predecessor-version":[{"id":2753,"href":"http:\/\/denako.sk\/ekatalog\/wp-json\/wp\/v2\/pages\/544\/revisions\/2753"}],"wp:attachment":[{"href":"http:\/\/denako.sk\/ekatalog\/wp-json\/wp\/v2\/media?parent=544"}],"curies":[{"name":"wp","href":"https:\/\/api.w.org\/{rel}","templated":true}]}}